{"id":12,"date":"2016-09-13T07:55:38","date_gmt":"2016-09-13T07:55:38","guid":{"rendered":"http:\/\/freestyle.edge-themes.com\/?page_id=12"},"modified":"2022-11-08T12:56:06","modified_gmt":"2022-11-08T11:56:06","slug":"home-1","status":"publish","type":"page","link":"https:\/\/bulderplanet.com\/maresme\/","title":{"rendered":"Home"},"content":{"rendered":"<p>[vc_row content_width=&#8221;grid&#8221; el_id=&#8221;quienes&#8221;][vc_column]<div class=\"edgtf-elements-holder edgtf-two-columns edgtf-two-columns-50-50 edgtf-responsive-mode-768\" ><div class=\"edgtf-elements-holder-item \" data-item-class=\"edgtf-elements-holder-custom-483440\" data-768-1024=\"22% 2% 20.3% 0%\" data-600-768=\"19% 2% 11.3% 2%\" data-480=\"25% 0% 3.3% 0%\" >\n\t\t<div class=\"edgtf-elements-holder-item-inner\">\n\t\t<div class=\"edgtf-elements-holder-item-content edgtf-elements-holder-custom-483440\" style=\"padding: 11.9% 0% 10.3% 0%\">\n\t\t\t\n<div class=\"edgtf-section-title edgtf-section-align-left\" style=\"color: #6e92b6\">\n\tB\u00falder Planet\t<\/div>[vc_empty_space height=&#8221;4px&#8221;]\n<span class=\"edgtf-section-subtitle \" style=\"text-align:left; color:#6e92b6\">\n\t\tRoc\u00f3dromo Matar\u00f3\t<\/span><div class=\"edgtf-separator-holder clearfix  edgtf-separator-left\">\n\t<div class=\"edgtf-separator\" style=\"border-color: #ffeb00\"><\/div>\n<\/div>\n[vc_empty_space height=&#8221;34px&#8221;][vc_column_text]<strong>Bulder Planet abre sus puertas el 25 de septiembre de 2015<\/strong> para convertirse en el primer centro de escalada (roc\u00f3dromo) en Matar\u00f3. A la inauguraci\u00f3n asistieron escaladores de todo el Maresme y de muchas partes de la provincia de Barcelona.<\/p>\n<p>En todo caso, Bulder Planet siempre ha tenido el objetivo de ser no \u00fanicamente un <strong>centro de entrenamiento de escaladores<\/strong> (que tambi\u00e9n) sino un espacio de <strong>iniciaci\u00f3n a la escalada<\/strong> y un <strong>centro de ocio deportivo urbano<\/strong>, abierto a todas las edades, niveles de forma y formas de entender el deporte de la escalada.[\/vc_column_text]\t\t<\/div>\n\t<\/div>\n<\/div><div class=\"edgtf-elements-holder-item \" data-item-class=\"edgtf-elements-holder-custom-407593\" data-768-1024=\"15.4% 0% 15.5% 10%\" data-600-768=\"0.1% 0% 19.5% 2%\" data-480=\"10.1% 0% 33.5% 0%\" >\n\t\t<div class=\"edgtf-elements-holder-item-inner\">\n\t\t<div class=\"edgtf-elements-holder-item-content edgtf-elements-holder-custom-407593\" style=\"padding: 15.4% 0% 15.5% 13%\">\n\t\t\t[vc_single_image image=&#8221;7477&#8243; img_size=&#8221;full&#8221;]\t\t<\/div>\n\t<\/div>\n<\/div><\/div>[\/vc_column][\/vc_row][vc_row content_width=&#8221;grid&#8221; css=&#8221;.vc_custom_1571902657103{padding-top: 100px !important;padding-bottom: 100px !important;}&#8221; el_id=&#8221;bulder&#8221;][vc_column]\n<div class=\"edgtf-section-title edgtf-section-align-center\" style=\"color: #6e92b6\">\n\t\u00bfQu\u00e9 es el B\u00falder?\t<\/div>[vc_empty_space height=&#8221;4px&#8221;]<div class=\"edgtf-separator-holder clearfix  edgtf-separator-center\">\n\t<div class=\"edgtf-separator\" style=\"border-color: #ffeb00\"><\/div>\n<\/div>\n[vc_empty_space height=&#8221;34px&#8221;][vc_column_text]EL <strong>B\u00daLDER<\/strong> es una <strong>disciplina deportiva de escalada<\/strong>, \u00a0que ha sido ol\u00edmpica en Tokyo 2020, y consiste en escalar peque\u00f1as alturas (hasta unos 5 metros), normalmente con movimientos de gran dificultad, sin necesidad de utilizar material de seguridad como cuerdas y arn\u00e9s.<\/p>\n<p>Otras disciplinas son; la <strong>escalada deportiva<\/strong>, se necesita cuerda y unos seguros que est\u00e1n colocados en la pared previamente, la altura que se escala va de los 15 a los 40 metros y la <strong>v\u00eda larga\u00a0<\/strong>en la que se escalan paredes de 60 a 1.000 metros, en la que los escaladores tendr\u00e1n que ir progresando en la pared por tramos &#8220;largos&#8221;, anclarse en reuniones intermedias e ir asegur\u00e1ndose mutuamente. Los seguros pueden estar colocados previamente (fijos) o ser colocados en el momento por los escaladores.<\/p>\n<p><strong>En nuestro centro de escalada practicamos la disciplina de B\u00falder<\/strong> (aunque sirve como entrenamiento para el resto de tipos de escalada) las paredes \u201cescalables\u201d tienen un m\u00e1ximo de <strong>4,25 metros de altura<\/strong> y la protecci\u00f3n la da una colchoneta dise\u00f1ada para amortiguar cualquier ca\u00edda. <strong>SEGURIDAD TOTAL<\/strong>.<\/p>\n<p><strong>El b\u00falder tambi\u00e9n se puede practicar \u00a0en la naturaleza<\/strong> y para protegernos de las ca\u00eddas los escaladores llevamos colchonetas port\u00e1tiles llamadas &#8220;<strong>crashpads<\/strong>&#8220;. Es una disciplina relativamente joven pero que est\u00e1 ganando adeptos muy r\u00e1pidamente.<\/p>\n<p>Los roc\u00f3dromos espec\u00edficamente dedicados a esta modalidad son cada vez m\u00e1s populares y casi todas las ciudades de tama\u00f1o mediano y grande cuentan con al menos uno.<\/p>\n<p><strong>La ventaja del b\u00falder es que te permite entrenar s\u00f3lo<\/strong>\u00a0(no necesitas que nadie te asegure) aunque al mismo tiempo es muy social y, dada la intensidad del ejercicio realizado donde casi todos los movimientos son muy explosivos, <strong>tampoco necesitas mucho tiempo para entrenar.<\/strong><\/p>\n<p>Es <strong>una forma perfecta de ponerte en forma, ganar fuerza, flexibilidad, equilibrio y divertirte al mismo tiempo.<\/strong>[\/vc_column_text][\/vc_column][\/vc_row][vc_row content_width=&#8221;grid&#8221; css=&#8221;.vc_custom_1554740819656{padding-top: 100px !important;padding-bottom: 100px !important;background-color: #ffeb00 !important;}&#8221;][vc_column]\n<div class=\"edgtf-section-title edgtf-section-align-center\" >\n\tNuestras instalaciones\t<\/div>[vc_empty_space height=&#8221;4px&#8221;]<div class=\"edgtf-separator-holder clearfix  edgtf-separator-center\">\n\t<div class=\"edgtf-separator\" style=\"border-color: #6e92b6\"><\/div>\n<\/div>\n[vc_empty_space height=&#8221;34px&#8221;][vc_column_text]En Bulder Planet disponemos de m\u00e1s de <strong>1000m2 de B\u00falder divididos en 6 sectores<\/strong>, con todas las dificultades (desde la iniciaci\u00f3n a nivel experto), <strong>roc\u00f3dromo infantil de 150 m2<\/strong>, herramientas de entrenamiento avanzado como la <strong>&#8220;moonboard&#8221;, campus, muros de entrenamiento de resistencia<\/strong>, y tambi\u00e9n <strong>gimnasio, bar\/cafeter\u00eda y vestuarios.<\/strong><\/p>\n<p>Todo lo que necesitas para aprender a escalar, mejorar tu nivel, ponerte en forma o simplemente venir a divertirte con tus amigos, familia.[\/vc_column_text][vc_empty_space height=&#8221;50px&#8221;]<div class=\"edgtf-image-gallery-masonry edgtf-gallery-with-space edgtf-gallery-appear-fx\">\n\t<div class=\"edgtf-image-masonry-grid-sizer\"><\/div>\n\t\t\t<div class=\"edgtf-gallery-image edgtf-size-big-square\">\n\t\t\t<div class=\"edgtf-gallery-image-inner\">\n\t\t\t\t\t\t\t\t\t\t<img width=\"1100\" height=\"1100\" src=\"https:\/\/bulderplanet.com\/maresme\/wp-content\/uploads\/2019\/02\/83A9359-1100x1100.jpg\" class=\"attachment-freestyle_edge_large_width_height size-freestyle_edge_large_width_height\" alt=\"\" loading=\"lazy\" srcset=\"https:\/\/bulderplanet.com\/maresme\/wp-content\/uploads\/2019\/02\/83A9359-1100x1100.jpg 1100w, https:\/\/bulderplanet.com\/maresme\/wp-content\/uploads\/2019\/02\/83A9359-150x150.jpg 150w, https:\/\/bulderplanet.com\/maresme\/wp-content\/uploads\/2019\/02\/83A9359-550x550.jpg 550w\" sizes=\"(max-width: 1100px) 100vw, 1100px\" \/>\t\t\t\t\t\t\t\t\t\t\t\t\t<\/div>\n\t\t<\/div>\n\t\t\t<div class=\"edgtf-gallery-image edgtf-size-square\">\n\t\t\t<div class=\"edgtf-gallery-image-inner\">\n\t\t\t\t\t\t\t\t\t\t<img width=\"476\" height=\"550\" src=\"https:\/\/bulderplanet.com\/maresme\/wp-content\/uploads\/2019\/03\/FITNESS-476x550.png\" class=\"attachment-freestyle_edge_square size-freestyle_edge_square\" alt=\"\" loading=\"lazy\" \/>\t\t\t\t\t\t\t\t\t\t\t\t\t<\/div>\n\t\t<\/div>\n\t\t\t<div class=\"edgtf-gallery-image edgtf-size-portrait\">\n\t\t\t<div class=\"edgtf-gallery-image-inner\">\n\t\t\t\t\t\t\t\t\t\t<img width=\"476\" height=\"704\" src=\"https:\/\/bulderplanet.com\/maresme\/wp-content\/uploads\/2019\/03\/bar.png\" class=\"attachment-freestyle_edge_large_height size-freestyle_edge_large_height\" alt=\"\" loading=\"lazy\" srcset=\"https:\/\/bulderplanet.com\/maresme\/wp-content\/uploads\/2019\/03\/bar.png 476w, https:\/\/bulderplanet.com\/maresme\/wp-content\/uploads\/2019\/03\/bar-203x300.png 203w\" sizes=\"(max-width: 476px) 100vw, 476px\" \/>\t\t\t\t\t\t\t\t\t\t\t\t\t<\/div>\n\t\t<\/div>\n\t\t\t<div class=\"edgtf-gallery-image edgtf-size-square\">\n\t\t\t<div class=\"edgtf-gallery-image-inner\">\n\t\t\t\t\t\t\t\t\t\t<img width=\"550\" height=\"550\" src=\"https:\/\/bulderplanet.com\/maresme\/wp-content\/uploads\/2019\/03\/83A9212-550x550.jpg\" class=\"attachment-freestyle_edge_square size-freestyle_edge_square\" alt=\"\" loading=\"lazy\" srcset=\"https:\/\/bulderplanet.com\/maresme\/wp-content\/uploads\/2019\/03\/83A9212-550x550.jpg 550w, https:\/\/bulderplanet.com\/maresme\/wp-content\/uploads\/2019\/03\/83A9212-150x150.jpg 150w, https:\/\/bulderplanet.com\/maresme\/wp-content\/uploads\/2019\/03\/83A9212-300x300.jpg 300w, https:\/\/bulderplanet.com\/maresme\/wp-content\/uploads\/2019\/03\/83A9212-768x768.jpg 768w, https:\/\/bulderplanet.com\/maresme\/wp-content\/uploads\/2019\/03\/83A9212-1024x1024.jpg 1024w, https:\/\/bulderplanet.com\/maresme\/wp-content\/uploads\/2019\/03\/83A9212-1100x1100.jpg 1100w, https:\/\/bulderplanet.com\/maresme\/wp-content\/uploads\/2019\/03\/83A9212.jpg 1800w\" sizes=\"(max-width: 550px) 100vw, 550px\" \/>\t\t\t\t\t\t\t\t\t\t\t\t\t<\/div>\n\t\t<\/div>\n\t<\/div>[\/vc_column][\/vc_row][vc_row content_width=&#8221;grid&#8221; css=&#8221;.vc_custom_1555327147788{padding-top: 100px !important;padding-bottom: 100px !important;}&#8221;][vc_column]\n<div class=\"edgtf-section-title edgtf-section-align-center\" style=\"color: #6e92b6\">\n\tActividades\t<\/div>[vc_empty_space height=&#8221;4px&#8221;]<div class=\"edgtf-separator-holder clearfix  edgtf-separator-center\">\n\t<div class=\"edgtf-separator\" style=\"border-color: #ffeb00\"><\/div>\n<\/div>\n[vc_empty_space height=&#8221;34px&#8221;][vc_column_text]En Bulder Planet tenemos ACTIVIDADES DIRIGIDAS (se necesita consulta\/reserva previa).<\/p>\n<p><strong>Para ni\u00f1os (<\/strong><strong>desde 3 a 16 a\u00f1os):<\/strong><\/p>\n<ul>\n<li><strong><span style=\"color: #6e92b6;\"><a style=\"color: #6e92b6;\" href=\"https:\/\/bulderplanet.com\/escuela-escalada-extraescolares\/\">Extra escolares y escuela de escalada<\/a> <\/span><\/strong>(clases dirigidas de escalada de 4 a 16 a\u00f1os)<\/li>\n<li><strong><span style=\"color: #6e92b6;\"><a style=\"color: #6e92b6;\" href=\"https:\/\/bulderplanet.com\/juego-de-escalada\/\">Juegos de escalada<\/a><\/span><\/strong> (escalada por libre)<\/li>\n<li><strong><span style=\"color: #6e92b6;\"><a style=\"color: #6e92b6;\" href=\"https:\/\/bulderplanet.com\/casales\/\">Casales<\/a><\/span><\/strong><\/li>\n<li><strong><span style=\"color: #6e92b6;\"><a style=\"color: #6e92b6;\" href=\"https:\/\/bulderplanet.com\/colonias\/\">Colonias<\/a><\/span><\/strong><\/li>\n<li><strong><span style=\"color: #6e92b6;\"><a style=\"color: #6e92b6;\" href=\"https:\/\/bulderplanet.com\/fiestas-y-cumpleanos-kids\/\">Cumplea\u00f1os<\/a><\/span><\/strong><\/li>\n<\/ul>\n<p><strong>Para adultos.<\/strong><\/p>\n<ul>\n<li><strong><span style=\"color: #6e92b6;\"><a style=\"color: #6e92b6;\" href=\"https:\/\/bulderplanet.com\/en-el-rocodromo#bau1mes\">Bautismo de escalada<\/a><\/span><\/strong> (dirigido por un entrenador)<\/li>\n<li><strong><span style=\"color: #6e92b6;\"><a style=\"color: #6e92b6;\" href=\"https:\/\/bulderplanet.com\/entrenamientos\/\">Grupos de entrenamiento<\/a><\/span><\/strong><\/li>\n<li><strong><span style=\"color: #6e92b6;\"><a style=\"color: #6e92b6;\" href=\"https:\/\/bulderplanet.com\/planificacion-individuales\/\">Clases particulares<\/a><\/span><\/strong><\/li>\n<li><strong><span style=\"color: #6e92b6;\"><a style=\"color: #6e92b6;\" href=\"https:\/\/bulderplanet.com\/planificacion-individuales\/\">Planificaci\u00f3n de entrenamiento individual<\/a><\/span><\/strong><\/li>\n<li><strong><span style=\"color: #6e92b6;\"><a style=\"color: #6e92b6;\" href=\"https:\/\/bulderplanet.com\/outdoor\/\">Cursos de escalada &#8220;outdoor&#8221;<\/a><\/span><\/strong> (en roca)<\/li>\n<\/ul>\n<p>Y, por supuesto, tambi\u00e9n estamos abiertos para que venga quien quiera a <strong>ESCALAR POR LIBRE<\/strong>, tenemos v\u00edas de todas las dificultades, desde las muy sencillas hasta las que har\u00e1n sudar a escaladores profesionales. Para venir a escalar por libre No hace falta reserva previa. El roc\u00f3dromo esta dise\u00f1ado para que sea muy sencillo de utilizar y el personal de la sala te ayudar\u00e1n en todo momento.[\/vc_column_text][\/vc_column][\/vc_row][vc_row css=&#8221;.vc_custom_1667908567849{padding-top: 70px !important;padding-bottom: 70px !important;background-image: url(https:\/\/bulderplanet.com\/maresme\/wp-content\/uploads\/2022\/11\/kids-cta.jpg?id=44597) !important;background-position: center !important;background-repeat: no-repeat !important;background-size: cover !important;}&#8221;][vc_column width=&#8221;1\/4&#8243;][\/vc_column][vc_column width=&#8221;1\/2&#8243;]\n<span class=\"edgtf-section-subtitle \" style=\"text-align:center; color:#ffeb00\">\n\t\tKIDS\t<\/span>[vc_empty_space height=&#8221;4px&#8221;]\n<div class=\"edgtf-section-title edgtf-section-align-center\" style=\"color: #ffffff\">\n\tDesarrolla Habilidades Motrices Mientras Te Diviertes.\t<\/div>[vc_empty_space height=&#8221;15px&#8221;][vc_single_image image=&#8221;7443&#8243; img_size=&#8221;full&#8221; alignment=&#8221;center&#8221;][\/vc_column][vc_column width=&#8221;1\/4&#8243;][\/vc_column][\/vc_row]<\/p>\n","protected":false},"excerpt":{"rendered":"<p>[vc_row content_width=&#8221;grid&#8221; el_id=&#8221;quienes&#8221;][vc_column][\/vc_column][\/vc_row][vc_row content_width=&#8221;grid&#8221; css=&#8221;.vc_custom_1571902657103{padding-top: 100px !important;padding-bottom: 100px !important;}&#8221; el_id=&#8221;bulder&#8221;][vc_column][vc_empty_space height=&#8221;4px&#8221;][vc_empty_space height=&#8221;34px&#8221;][vc_column_text]EL B\u00daLDER es una disciplina deportiva de escalada, \u00a0que ha sido ol\u00edmpica en Tokyo 2020, y consiste en escalar peque\u00f1as alturas (hasta unos 5 metros), normalmente con movimientos de gran dificultad, sin necesidad de&#8230;<\/p>\n","protected":false},"author":1,"featured_media":0,"parent":0,"menu_order":0,"comment_status":"closed","ping_status":"closed","template":"full-width.php","meta":[],"yoast_head":"<!-- This site is optimized with the Yoast SEO plugin v15.7 - https:\/\/yoast.com\/wordpress\/plugins\/seo\/ -->\n<title>Escalada Maresme |\u00a0Escalada Matar\u00f3 |\u00a0Roc\u00f3dromo en Matar\u00f3 |\u00a0Bulder Planet<\/title>\n<meta name=\"description\" content=\"Centro de escalada para todas las edades y niveles. Roc\u00f3dromo en el Maresme, en Matar\u00f3. M\u00e1s de 500m2 de b\u00falder.\" \/>\n<meta name=\"robots\" content=\"index, follow, max-snippet:-1, max-image-preview:large, max-video-preview:-1\" \/>\n<link rel=\"canonical\" href=\"https:\/\/bulderplanet.com\/maresme\/\" \/>\n<meta property=\"og:locale\" content=\"es_ES\" \/>\n<meta property=\"og:type\" content=\"article\" \/>\n<meta property=\"og:title\" content=\"Escalada Maresme |\u00a0Escalada Matar\u00f3 |\u00a0Roc\u00f3dromo en Matar\u00f3 |\u00a0Bulder Planet\" \/>\n<meta property=\"og:description\" content=\"Centro de escalada para todas las edades y niveles. Roc\u00f3dromo en el Maresme, en Matar\u00f3. M\u00e1s de 500m2 de b\u00falder.\" \/>\n<meta property=\"og:url\" content=\"https:\/\/bulderplanet.com\/maresme\/\" \/>\n<meta property=\"og:site_name\" content=\"BulderPlanet\" \/>\n<meta property=\"article:modified_time\" content=\"2022-11-08T11:56:06+00:00\" \/>\n<meta name=\"twitter:card\" content=\"summary_large_image\" \/>\n<meta name=\"twitter:label1\" content=\"Tiempo de lectura\">\n\t<meta name=\"twitter:data1\" content=\"4 minutos\">\n<script type=\"application\/ld+json\" class=\"yoast-schema-graph\">{\"@context\":\"https:\/\/schema.org\",\"@graph\":[{\"@type\":\"WebSite\",\"@id\":\"https:\/\/bulderplanet.com\/maresme\/#website\",\"url\":\"https:\/\/bulderplanet.com\/maresme\/\",\"name\":\"BulderPlanet\",\"description\":\"Roc\\u00f3dromo Matar\\u00f3\",\"potentialAction\":[{\"@type\":\"SearchAction\",\"target\":\"https:\/\/bulderplanet.com\/maresme\/?s={search_term_string}\",\"query-input\":\"required name=search_term_string\"}],\"inLanguage\":\"es\"},{\"@type\":\"WebPage\",\"@id\":\"https:\/\/bulderplanet.com\/maresme\/#webpage\",\"url\":\"https:\/\/bulderplanet.com\/maresme\/\",\"name\":\"Escalada Maresme |\\u00a0Escalada Matar\\u00f3 |\\u00a0Roc\\u00f3dromo en Matar\\u00f3 |\\u00a0Bulder Planet\",\"isPartOf\":{\"@id\":\"https:\/\/bulderplanet.com\/maresme\/#website\"},\"datePublished\":\"2016-09-13T07:55:38+00:00\",\"dateModified\":\"2022-11-08T11:56:06+00:00\",\"description\":\"Centro de escalada para todas las edades y niveles. Roc\\u00f3dromo en el Maresme, en Matar\\u00f3. M\\u00e1s de 500m2 de b\\u00falder.\",\"inLanguage\":\"es\",\"potentialAction\":[{\"@type\":\"ReadAction\",\"target\":[\"https:\/\/bulderplanet.com\/maresme\/\"]}]}]}<\/script>\n<!-- \/ Yoast SEO plugin. -->","_links":{"self":[{"href":"https:\/\/bulderplanet.com\/maresme\/wp-json\/wp\/v2\/pages\/12"}],"collection":[{"href":"https:\/\/bulderplanet.com\/maresme\/wp-json\/wp\/v2\/pages"}],"about":[{"href":"https:\/\/bulderplanet.com\/maresme\/wp-json\/wp\/v2\/types\/page"}],"author":[{"embeddable":true,"href":"https:\/\/bulderplanet.com\/maresme\/wp-json\/wp\/v2\/users\/1"}],"replies":[{"embeddable":true,"href":"https:\/\/bulderplanet.com\/maresme\/wp-json\/wp\/v2\/comments?post=12"}],"version-history":[{"count":117,"href":"https:\/\/bulderplanet.com\/maresme\/wp-json\/wp\/v2\/pages\/12\/revisions"}],"predecessor-version":[{"id":44598,"href":"https:\/\/bulderplanet.com\/maresme\/wp-json\/wp\/v2\/pages\/12\/revisions\/44598"}],"wp:attachment":[{"href":"https:\/\/bulderplanet.com\/maresme\/wp-json\/wp\/v2\/media?parent=12"}],"curies":[{"name":"wp","href":"https:\/\/api.w.org\/{rel}","templated":true}]}}