{"id":7682,"date":"2019-03-25T13:13:18","date_gmt":"2019-03-25T12:13:18","guid":{"rendered":"http:\/\/bulderplanet.com\/v19\/?page_id=7682"},"modified":"2025-04-29T11:20:15","modified_gmt":"2025-04-29T09:20:15","slug":"casales","status":"publish","type":"page","link":"https:\/\/bulderplanet.com\/maresme\/casales\/","title":{"rendered":"Casal 2025"},"content":{"rendered":"<p>[vc_row content_width=&#8221;grid&#8221; angled_shape=&#8221;yes&#8221; css=&#8221;.vc_custom_1553515455325{padding-top: 100px !important;padding-bottom: 100px !important;}&#8221;][vc_column]<div class=\"edgtf-elements-holder edgtf-two-columns edgtf-two-columns-50-50 edgtf-responsive-mode-768\" ><div class=\"edgtf-elements-holder-item \" data-item-class=\"edgtf-elements-holder-custom-477248\" >\n\t\t<div class=\"edgtf-elements-holder-item-inner\">\n\t\t<div class=\"edgtf-elements-holder-item-content edgtf-elements-holder-custom-477248\" >\n\t\t\t[vc_column_text]<strong>Ni\u00f1os de 5 a 16 a\u00f1os<\/strong><br \/>\nAdem\u00e1s de aprender a escalar, transmitimos valores, a trav\u00e9s de talleres, juegos y din\u00e1micas, como:<br \/>\n\u2013 El compa\u00f1erismo<br \/>\n\u2013 La cooperaci\u00f3n<br \/>\n\u2013 El trabajo en equipo<br \/>\n\u2013 El esfuerzo y la superaci\u00f3n.<br \/>\nAdem\u00e1s de las actividades de escalada en el roc\u00f3dromo, se realizar\u00e1 una excursi\u00f3n semanal, salidas diarias a la playa, parques e intercambios con otros casales para hacer otras actividades (circo, castells, etc..)<\/p>\n<p><strong>\u00bfque haremos?<\/strong><\/p>\n<p><strong>Escalada cada d\u00eda<\/strong>. Tanto como si ya escalan como si no, los ni\u00f1os y ni\u00f1as que vengan al casal de escalada disfrutaran del rocodromo y mejoraran su nivel de escalada.<\/p>\n<p><strong>Salidas<\/strong>. Un d\u00eda a la semana se har\u00e1 una excursi\u00f3n fuera del rocodromo. El objetivo es que sean salidas divertidas y pedag\u00f3gicas. Habra intercambios con otras entidades y proyectos de la ciudad de Matar\u00f3.<\/p>\n<p><strong>Playa<\/strong>. Aprovecharemos que estamos a 5 minutos de la playa para hacer actividades y remojarnos que en verano hace calor y siempre se agradece.<\/p>\n<p><strong>Talleres, intercambios:<\/strong> Buscamos sinergias con otros casales y entidades de la ciudad. Tambi\u00e9n se trabajaran habilidades art\u00edsticas en diferentes talleres que haremos en el mismo rocodromo.<\/p>\n<p>&nbsp;<\/p>\n<p>&nbsp;<\/p>\n<p>&nbsp;<\/p>\n<p>[\/vc_column_text][vc_empty_space height=&#8221;50px&#8221;]<div class=\"edgtf-iwt clearfix edgtf-iwt-icon-top edgtf-iwt-flip-enabled-no edgtf-iwt-icon-medium\">\n    <div class=\"edgtf-iwt-icon-holder\" >\n                    \n    <span class=\"edgtf-icon-shortcode normal edgtf-icon-medium\"  data-hover-color=\"#ffeb00\" data-color=\"#ffeb00\">\n                    <a href=\"https:\/\/bulderplanet.com\/maresme\/casales\/#casal\" target=\"_self\" >\n        \n        <i class=\"edgtf-icon-font-awesome fa fa-arrow-circle-down edgtf-icon-element\" style=\"color: #ffeb00\" ><\/i>\n                    <\/a>\n            <\/span>\n\n            <\/div>\n    <div class=\"edgtf-iwt-content-holder\" >\n        <div class=\"edgtf-iwt-title-holder\">\n            <h5 >M\u00e1s info<\/h5>\n        <\/div>\n        <div class=\"edgtf-iwt-text-holder\">\n            <p ><\/p>\n\n                    <\/div>\n    <\/div>\n<\/div>\t\t<\/div>\n\t<\/div>\n<\/div><div class=\"edgtf-elements-holder-item \" data-item-class=\"edgtf-elements-holder-custom-791120\" >\n\t\t<div class=\"edgtf-elements-holder-item-inner\">\n\t\t<div class=\"edgtf-elements-holder-item-content edgtf-elements-holder-custom-791120\" >\n\t\t\t[vc_single_image image=&#8221;8459&#8243; img_size=&#8221;full&#8221;]\t\t<\/div>\n\t<\/div>\n<\/div><\/div>[\/vc_column][\/vc_row][vc_row content_width=&#8221;grid&#8221; angled_shape=&#8221;yes&#8221; css=&#8221;.vc_custom_1573140766889{padding-top: 100px !important;padding-bottom: 100px !important;background-color: #f4f4f4 !important;}&#8221; el_id=&#8221;casal&#8221;][vc_column]<div class=\"edgtf-elements-holder edgtf-two-columns edgtf-two-columns-50-50 edgtf-responsive-mode-768\" ><div class=\"edgtf-elements-holder-item \" data-item-class=\"edgtf-elements-holder-custom-429157\" >\n\t\t<div class=\"edgtf-elements-holder-item-inner\">\n\t\t<div class=\"edgtf-elements-holder-item-content edgtf-elements-holder-custom-429157\" >\n\t\t\t\n<div class=\"edgtf-section-title edgtf-section-align-left\" >\n\tCasal VERANO\t<\/div><div class=\"edgtf-separator-holder clearfix  edgtf-separator-left\">\n\t<div class=\"edgtf-separator\" style=\"border-color: #ffeb00\"><\/div>\n<\/div>\n[vc_column_text]<strong>FECHAS<\/strong><br \/>\nDel 25 de junio al 23 de julio<\/p>\n<p><strong>HORARIOS<\/strong><br \/>\n9.00 a 13.30<\/p>\n<p><strong>Novedad<\/strong>: 1 d\u00eda a la semana se hace &#8220;salida&#8221; y el casal terminar\u00e1 a las 16.00.<\/p>\n<p><strong>PRECIO<\/strong><br \/>\nDIA SUELTO: 25\u20ac d\u00eda<\/p>\n<p>SEMANA COMPLETA: 93\u20ac<\/p>\n<p>CASAL COMPLETO: 340 \u20ac[\/vc_column_text][vc_empty_space height=&#8221;20px&#8221;]<a href=\"https:\/\/bulderplanet.com\/maresme\/incribete-casal\/\" target=\"_self\" style=\"background-color: #ffeb00\" class=\"edgtf-btn edgtf-btn-large edgtf-btn-solid edgtf-btn-custom-hover-bg edgtf-btn-custom-hover-color\" data-hover-bg-color=\"#6e92b6\" data-hover-color=\"#ffffff\" >\n\t\t\t<span class=\"edgtf-btn-text\">INSC\u00cdBETE<\/span>\n\t    <\/a>\t\t<\/div>\n\t<\/div>\n<\/div><div class=\"edgtf-elements-holder-item \" data-item-class=\"edgtf-elements-holder-custom-479455\" >\n\t\t<div class=\"edgtf-elements-holder-item-inner\">\n\t\t<div class=\"edgtf-elements-holder-item-content edgtf-elements-holder-custom-479455\" >\n\t\t\t<div class=\"edgtf-image-gallery\">\n\t<div class=\"edgtf-image-gallery-grid edgtf-gallery-columns-2 edgtf-gallery-no-space edgtf-gallery-prettyphoto clearfix\" >\n\t\t\t\t\t<div class=\"edgtf-gallery-image\">\n\t\t\t\t\t\t\t\t\t<a href=\"https:\/\/bulderplanet.com\/maresme\/wp-content\/uploads\/2019\/11\/casal.png\" data-rel=\"prettyPhoto[single_pretty_photo]\" title=\"casal\">\n\t\t\t\t\t\t\t\t\t\t\t\t\t\t\t<img width=\"300\" height=\"203\" src=\"https:\/\/bulderplanet.com\/maresme\/wp-content\/uploads\/2019\/11\/casal-300x203.png\" class=\"attachment-medium size-medium\" alt=\"\" loading=\"lazy\" srcset=\"https:\/\/bulderplanet.com\/maresme\/wp-content\/uploads\/2019\/11\/casal-300x203.png 300w, https:\/\/bulderplanet.com\/maresme\/wp-content\/uploads\/2019\/11\/casal.png 704w\" sizes=\"(max-width: 300px) 100vw, 300px\" \/>\t\t\t\t\t                                           <span class=\"edgtf-pp-icon icon_plus\"><\/span>\n                    \t\t\t\t\t\t\t\t\t\t\t<\/a>\n\t\t\t\t\t\t\t\t<\/div>\n\t\t\t\t\t<div class=\"edgtf-gallery-image\">\n\t\t\t\t\t\t\t\t\t<a href=\"https:\/\/bulderplanet.com\/maresme\/wp-content\/uploads\/2019\/12\/casal2.png\" data-rel=\"prettyPhoto[single_pretty_photo]\" title=\"casal2\">\n\t\t\t\t\t\t\t\t\t\t\t\t\t\t\t<img width=\"300\" height=\"203\" src=\"https:\/\/bulderplanet.com\/maresme\/wp-content\/uploads\/2019\/12\/casal2-300x203.png\" class=\"attachment-medium size-medium\" alt=\"\" loading=\"lazy\" srcset=\"https:\/\/bulderplanet.com\/maresme\/wp-content\/uploads\/2019\/12\/casal2-300x203.png 300w, https:\/\/bulderplanet.com\/maresme\/wp-content\/uploads\/2019\/12\/casal2.png 704w\" sizes=\"(max-width: 300px) 100vw, 300px\" \/>\t\t\t\t\t                                           <span class=\"edgtf-pp-icon icon_plus\"><\/span>\n                    \t\t\t\t\t\t\t\t\t\t\t<\/a>\n\t\t\t\t\t\t\t\t<\/div>\n\t\t\t\t\t<div class=\"edgtf-gallery-image\">\n\t\t\t\t\t\t\t\t\t<a href=\"https:\/\/bulderplanet.com\/maresme\/wp-content\/uploads\/2019\/11\/casal3.png\" data-rel=\"prettyPhoto[single_pretty_photo]\" title=\"casal3\">\n\t\t\t\t\t\t\t\t\t\t\t\t\t\t\t<img width=\"229\" height=\"300\" src=\"https:\/\/bulderplanet.com\/maresme\/wp-content\/uploads\/2019\/11\/casal3-229x300.png\" class=\"attachment-medium size-medium\" alt=\"\" loading=\"lazy\" srcset=\"https:\/\/bulderplanet.com\/maresme\/wp-content\/uploads\/2019\/11\/casal3-229x300.png 229w, https:\/\/bulderplanet.com\/maresme\/wp-content\/uploads\/2019\/11\/casal3.png 364w\" sizes=\"(max-width: 229px) 100vw, 229px\" \/>\t\t\t\t\t                                           <span class=\"edgtf-pp-icon icon_plus\"><\/span>\n                    \t\t\t\t\t\t\t\t\t\t\t<\/a>\n\t\t\t\t\t\t\t\t<\/div>\n\t\t\t<\/div>\n<\/div>\t\t<\/div>\n\t<\/div>\n<\/div><\/div>[\/vc_column][\/vc_row]<\/p>\n","protected":false},"excerpt":{"rendered":"<p>[vc_row content_width=&#8221;grid&#8221; angled_shape=&#8221;yes&#8221; css=&#8221;.vc_custom_1553515455325{padding-top: 100px !important;padding-bottom: 100px !important;}&#8221;][vc_column][\/vc_column][\/vc_row][vc_row content_width=&#8221;grid&#8221; angled_shape=&#8221;yes&#8221; css=&#8221;.vc_custom_1573140766889{padding-top: 100px !important;padding-bottom: 100px !important;background-color: #f4f4f4 !important;}&#8221; el_id=&#8221;casal&#8221;][vc_column][\/vc_column][\/vc_row]<\/p>\n","protected":false},"author":2,"featured_media":0,"parent":0,"menu_order":0,"comment_status":"closed","ping_status":"closed","template":"full-width.php","meta":[],"yoast_head":"<!-- This site is optimized with the Yoast SEO plugin v15.7 - https:\/\/yoast.com\/wordpress\/plugins\/seo\/ -->\n<title>Casal 2025 - BulderPlanet<\/title>\n<meta name=\"robots\" content=\"index, follow, max-snippet:-1, max-image-preview:large, max-video-preview:-1\" \/>\n<link rel=\"canonical\" href=\"https:\/\/bulderplanet.com\/maresme\/casales\/\" \/>\n<meta property=\"og:locale\" content=\"es_ES\" \/>\n<meta property=\"og:type\" content=\"article\" \/>\n<meta property=\"og:title\" content=\"Casal 2025 - BulderPlanet\" \/>\n<meta property=\"og:description\" content=\"[vc_row content_width=&#8221;grid&#8221; angled_shape=&#8221;yes&#8221; css=&#8221;.vc_custom_1553515455325{padding-top: 100px !important;padding-bottom: 100px !important;}&#8221;][vc_column][\/vc_column][\/vc_row][vc_row content_width=&#8221;grid&#8221; angled_shape=&#8221;yes&#8221; css=&#8221;.vc_custom_1573140766889{padding-top: 100px !important;padding-bottom: 100px !important;background-color: #f4f4f4 !important;}&#8221; el_id=&#8221;casal&#8221;][vc_column][\/vc_column][\/vc_row]\" \/>\n<meta property=\"og:url\" content=\"https:\/\/bulderplanet.com\/maresme\/casales\/\" \/>\n<meta property=\"og:site_name\" content=\"BulderPlanet\" \/>\n<meta property=\"article:modified_time\" content=\"2025-04-29T09:20:15+00:00\" \/>\n<meta name=\"twitter:card\" content=\"summary_large_image\" \/>\n<meta name=\"twitter:label1\" content=\"Tiempo de lectura\">\n\t<meta name=\"twitter:data1\" content=\"2 minutos\">\n<script type=\"application\/ld+json\" class=\"yoast-schema-graph\">{\"@context\":\"https:\/\/schema.org\",\"@graph\":[{\"@type\":\"WebSite\",\"@id\":\"https:\/\/bulderplanet.com\/maresme\/#website\",\"url\":\"https:\/\/bulderplanet.com\/maresme\/\",\"name\":\"BulderPlanet\",\"description\":\"Roc\\u00f3dromo Matar\\u00f3\",\"potentialAction\":[{\"@type\":\"SearchAction\",\"target\":\"https:\/\/bulderplanet.com\/maresme\/?s={search_term_string}\",\"query-input\":\"required name=search_term_string\"}],\"inLanguage\":\"es\"},{\"@type\":\"WebPage\",\"@id\":\"https:\/\/bulderplanet.com\/maresme\/casales\/#webpage\",\"url\":\"https:\/\/bulderplanet.com\/maresme\/casales\/\",\"name\":\"Casal 2025 - BulderPlanet\",\"isPartOf\":{\"@id\":\"https:\/\/bulderplanet.com\/maresme\/#website\"},\"datePublished\":\"2019-03-25T12:13:18+00:00\",\"dateModified\":\"2025-04-29T09:20:15+00:00\",\"inLanguage\":\"es\",\"potentialAction\":[{\"@type\":\"ReadAction\",\"target\":[\"https:\/\/bulderplanet.com\/maresme\/casales\/\"]}]}]}<\/script>\n<!-- \/ Yoast SEO plugin. -->","_links":{"self":[{"href":"https:\/\/bulderplanet.com\/maresme\/wp-json\/wp\/v2\/pages\/7682"}],"collection":[{"href":"https:\/\/bulderplanet.com\/maresme\/wp-json\/wp\/v2\/pages"}],"about":[{"href":"https:\/\/bulderplanet.com\/maresme\/wp-json\/wp\/v2\/types\/page"}],"author":[{"embeddable":true,"href":"https:\/\/bulderplanet.com\/maresme\/wp-json\/wp\/v2\/users\/2"}],"replies":[{"embeddable":true,"href":"https:\/\/bulderplanet.com\/maresme\/wp-json\/wp\/v2\/comments?post=7682"}],"version-history":[{"count":55,"href":"https:\/\/bulderplanet.com\/maresme\/wp-json\/wp\/v2\/pages\/7682\/revisions"}],"predecessor-version":[{"id":44736,"href":"https:\/\/bulderplanet.com\/maresme\/wp-json\/wp\/v2\/pages\/7682\/revisions\/44736"}],"wp:attachment":[{"href":"https:\/\/bulderplanet.com\/maresme\/wp-json\/wp\/v2\/media?parent=7682"}],"curies":[{"name":"wp","href":"https:\/\/api.w.org\/{rel}","templated":true}]}}