{"id":8249,"date":"2019-04-10T10:37:47","date_gmt":"2019-04-10T08:37:47","guid":{"rendered":"http:\/\/bulderplanet.com\/v19\/?page_id=8249"},"modified":"2022-11-08T12:44:07","modified_gmt":"2022-11-08T11:44:07","slug":"como-equipamos-las-vias-del-rocodromo","status":"publish","type":"page","link":"https:\/\/bulderplanet.com\/maresme\/como-equipamos-las-vias-del-rocodromo\/","title":{"rendered":"\u00bfComo equipamos las v\u00edas del roc\u00f3dromo?"},"content":{"rendered":"<p>[vc_row content_width=&#8221;grid&#8221; angled_shape=&#8221;yes&#8221; css=&#8221;.vc_custom_1554886506707{padding-top: 100px !important;padding-bottom: 100px !important;}&#8221;][vc_column]<div class=\"edgtf-elements-holder edgtf-two-columns edgtf-two-columns-50-50 edgtf-responsive-mode-768\" ><div class=\"edgtf-elements-holder-item \" data-item-class=\"edgtf-elements-holder-custom-984143\" >\n\t\t<div class=\"edgtf-elements-holder-item-inner\">\n\t\t<div class=\"edgtf-elements-holder-item-content edgtf-elements-holder-custom-984143\" >\n\t\t\t[vc_column_text]<strong>Los &#8220;equipadores&#8221; de Bulder Planet<\/strong>, renuevan constantemente v\u00edas para todos los niveles y estilos. Viajamos a otros pa\u00edses para visitar otros roc\u00f3dromos y compartir experiencias con otros equipadores. Tambi\u00e9n colaboramos con otras salas de Catalu\u00f1a con intercambios de equipadores e invitamos a equipadores externos profesionales para que nos aporten su visi\u00f3n y experiencia.[\/vc_column_text][vc_empty_space height=&#8221;50px&#8221;]<div class=\"edgtf-iwt clearfix edgtf-iwt-icon-top edgtf-iwt-flip-enabled-no edgtf-iwt-icon-medium\">\n    <div class=\"edgtf-iwt-icon-holder\" >\n                    \n    <span class=\"edgtf-icon-shortcode normal edgtf-icon-medium\"  data-hover-color=\"#ffeb00\" data-color=\"#ffeb00\">\n                    <a href=\"https:\/\/bulderplanet.com\/como-equipamos-las-vias-del-rocodromo#equipacion\" target=\"_self\" >\n        \n        <i class=\"edgtf-icon-font-awesome fa fa-arrow-circle-down edgtf-icon-element\" style=\"color: #ffeb00\" ><\/i>\n                    <\/a>\n            <\/span>\n\n            <\/div>\n    <div class=\"edgtf-iwt-content-holder\" >\n        <div class=\"edgtf-iwt-title-holder\">\n            <h5 >M\u00e1s info<\/h5>\n        <\/div>\n        <div class=\"edgtf-iwt-text-holder\">\n            <p ><\/p>\n\n                    <\/div>\n    <\/div>\n<\/div>\t\t<\/div>\n\t<\/div>\n<\/div><div class=\"edgtf-elements-holder-item \" data-item-class=\"edgtf-elements-holder-custom-261162\" >\n\t\t<div class=\"edgtf-elements-holder-item-inner\">\n\t\t<div class=\"edgtf-elements-holder-item-content edgtf-elements-holder-custom-261162\" >\n\t\t\t[vc_single_image image=&#8221;8950&#8243; img_size=&#8221;full&#8221;]\t\t<\/div>\n\t<\/div>\n<\/div><\/div>[\/vc_column][\/vc_row][vc_row content_width=&#8221;grid&#8221; css=&#8221;.vc_custom_1575455856339{padding-top: 150px !important;padding-bottom: 100px !important;background-color: #f4f4f4 !important;}&#8221; el_id=&#8221;equipacion&#8221;][vc_column]<div class=\"edgtf-elements-holder edgtf-two-columns edgtf-two-columns-50-50 edgtf-responsive-mode-768\" ><div class=\"edgtf-elements-holder-item edgtf-vertical-alignment-top\" data-item-class=\"edgtf-elements-holder-custom-340600\" >\n\t\t<div class=\"edgtf-elements-holder-item-inner\">\n\t\t<div class=\"edgtf-elements-holder-item-content edgtf-elements-holder-custom-340600\" >\n\t\t\t\n<div class=\"edgtf-section-title edgtf-section-align-center\" style=\"color: #6e92b6\">\n\tEquipaci\u00f3n\t<\/div><div class=\"edgtf-separator-holder clearfix  edgtf-separator-center\">\n\t<div class=\"edgtf-separator\" style=\"border-color: #ffeb00\"><\/div>\n<\/div>\n[vc_empty_space height=&#8221;34px&#8221;][vc_column_text]<strong>La equipaci\u00f3n es uno de los aspectos m\u00e1s importantes de la calidad del roc\u00f3dromo<\/strong>.<\/p>\n<p><strong>Los equipadores dise\u00f1an v\u00edas de todos los niveles<\/strong>, que nos hagan aprender movimientos nuevos, mejorar nuestra t\u00e9cnica y, sobre todo, disfrutar de un d\u00eda de escalada.<\/p>\n<p><strong>La equipaci\u00f3n en un roc\u00f3dromo es un trabajo muy creativo<\/strong> que permite infinitas combinaciones y posibilidades de crear movimientos.<\/p>\n<p>Uno de los aspectos m\u00e1s interesantes de la escalada de Bulder es el proceso por el que <strong>los escaladores (solos o en grupo) descubren el mejor m\u00e9todo para resolver una v\u00eda<\/strong>. Muchas veces no es una cuesti\u00f3n de fuerza, si no de colocaci\u00f3n, t\u00e9cnica y\/o estrategia.[\/vc_column_text]<div class=\"edgtf-image-gallery\">\n\t<div class=\"edgtf-image-gallery-sliding edgtf-gallery-image-slider\" data-autoplay=\"3\" data-animation=\"slide\" data-navigation=\"no\" data-pagination=\"no\">\n\t\t\t\t\t<div>\n\t\t\t\t\t\t\t\t\t\t\t\t<img width=\"704\" height=\"476\" src=\"https:\/\/bulderplanet.com\/maresme\/wp-content\/uploads\/2019\/11\/equipacio\u0301n.png\" class=\"attachment-full size-full\" alt=\"\" loading=\"lazy\" srcset=\"https:\/\/bulderplanet.com\/maresme\/wp-content\/uploads\/2019\/11\/equipacio\u0301n.png 704w, https:\/\/bulderplanet.com\/maresme\/wp-content\/uploads\/2019\/11\/equipacio\u0301n-300x203.png 300w\" sizes=\"(max-width: 704px) 100vw, 704px\" \/>\t\t\t\t\t\t\t\t\t\t<\/div>\n\t\t\t\t\t<div>\n\t\t\t\t\t\t\t\t\t\t\t\t<img width=\"704\" height=\"476\" src=\"https:\/\/bulderplanet.com\/maresme\/wp-content\/uploads\/2019\/11\/equipacio\u0301n1.png\" class=\"attachment-full size-full\" alt=\"\" loading=\"lazy\" srcset=\"https:\/\/bulderplanet.com\/maresme\/wp-content\/uploads\/2019\/11\/equipacio\u0301n1.png 704w, https:\/\/bulderplanet.com\/maresme\/wp-content\/uploads\/2019\/11\/equipacio\u0301n1-300x203.png 300w\" sizes=\"(max-width: 704px) 100vw, 704px\" \/>\t\t\t\t\t\t\t\t\t\t<\/div>\n\t\t\t\t\t<div>\n\t\t\t\t\t\t\t\t\t\t\t\t<img width=\"704\" height=\"476\" src=\"https:\/\/bulderplanet.com\/maresme\/wp-content\/uploads\/2019\/11\/equipacio\u0301n2.png\" class=\"attachment-full size-full\" alt=\"\" loading=\"lazy\" srcset=\"https:\/\/bulderplanet.com\/maresme\/wp-content\/uploads\/2019\/11\/equipacio\u0301n2.png 704w, https:\/\/bulderplanet.com\/maresme\/wp-content\/uploads\/2019\/11\/equipacio\u0301n2-300x203.png 300w\" sizes=\"(max-width: 704px) 100vw, 704px\" \/>\t\t\t\t\t\t\t\t\t\t<\/div>\n\t\t\t\t\t<div>\n\t\t\t\t\t\t\t\t\t\t\t\t<img width=\"704\" height=\"476\" src=\"https:\/\/bulderplanet.com\/maresme\/wp-content\/uploads\/2019\/11\/equipacio\u0301n3.png\" class=\"attachment-full size-full\" alt=\"\" loading=\"lazy\" srcset=\"https:\/\/bulderplanet.com\/maresme\/wp-content\/uploads\/2019\/11\/equipacio\u0301n3.png 704w, https:\/\/bulderplanet.com\/maresme\/wp-content\/uploads\/2019\/11\/equipacio\u0301n3-300x203.png 300w\" sizes=\"(max-width: 704px) 100vw, 704px\" \/>\t\t\t\t\t\t\t\t\t\t<\/div>\n\t\t\t\t\t<div>\n\t\t\t\t\t\t\t\t\t\t\t\t<img width=\"704\" height=\"476\" src=\"https:\/\/bulderplanet.com\/maresme\/wp-content\/uploads\/2019\/11\/equipacio\u0301n4.png\" class=\"attachment-full size-full\" alt=\"\" loading=\"lazy\" srcset=\"https:\/\/bulderplanet.com\/maresme\/wp-content\/uploads\/2019\/11\/equipacio\u0301n4.png 704w, https:\/\/bulderplanet.com\/maresme\/wp-content\/uploads\/2019\/11\/equipacio\u0301n4-300x203.png 300w\" sizes=\"(max-width: 704px) 100vw, 704px\" \/>\t\t\t\t\t\t\t\t\t\t<\/div>\n\t\t\t\t\t<div>\n\t\t\t\t\t\t\t\t\t\t\t\t<img width=\"704\" height=\"476\" src=\"https:\/\/bulderplanet.com\/maresme\/wp-content\/uploads\/2019\/11\/equipacio\u0301n5.png\" class=\"attachment-full size-full\" alt=\"\" loading=\"lazy\" srcset=\"https:\/\/bulderplanet.com\/maresme\/wp-content\/uploads\/2019\/11\/equipacio\u0301n5.png 704w, https:\/\/bulderplanet.com\/maresme\/wp-content\/uploads\/2019\/11\/equipacio\u0301n5-300x203.png 300w\" sizes=\"(max-width: 704px) 100vw, 704px\" \/>\t\t\t\t\t\t\t\t\t\t<\/div>\n\t\t\t\t\t<div>\n\t\t\t\t\t\t\t\t\t\t\t\t<img width=\"704\" height=\"476\" src=\"https:\/\/bulderplanet.com\/maresme\/wp-content\/uploads\/2019\/11\/equipacio\u0301n6.png\" class=\"attachment-full size-full\" alt=\"\" loading=\"lazy\" srcset=\"https:\/\/bulderplanet.com\/maresme\/wp-content\/uploads\/2019\/11\/equipacio\u0301n6.png 704w, https:\/\/bulderplanet.com\/maresme\/wp-content\/uploads\/2019\/11\/equipacio\u0301n6-300x203.png 300w\" sizes=\"(max-width: 704px) 100vw, 704px\" \/>\t\t\t\t\t\t\t\t\t\t<\/div>\n\t\t\t\t\t<div>\n\t\t\t\t\t\t\t\t\t\t\t\t<img width=\"704\" height=\"476\" src=\"https:\/\/bulderplanet.com\/maresme\/wp-content\/uploads\/2019\/11\/equipacio\u0301n7.png\" class=\"attachment-full size-full\" alt=\"\" loading=\"lazy\" srcset=\"https:\/\/bulderplanet.com\/maresme\/wp-content\/uploads\/2019\/11\/equipacio\u0301n7.png 704w, https:\/\/bulderplanet.com\/maresme\/wp-content\/uploads\/2019\/11\/equipacio\u0301n7-300x203.png 300w\" sizes=\"(max-width: 704px) 100vw, 704px\" \/>\t\t\t\t\t\t\t\t\t\t<\/div>\n\t\t\t<\/div>\n<\/div>\t\t<\/div>\n\t<\/div>\n<\/div><div class=\"edgtf-elements-holder-item edgtf-vertical-alignment-top\" data-item-class=\"edgtf-elements-holder-custom-121340\" >\n\t\t<div class=\"edgtf-elements-holder-item-inner\">\n\t\t<div class=\"edgtf-elements-holder-item-content edgtf-elements-holder-custom-121340\" >\n\t\t\t\n<div class=\"edgtf-section-title edgtf-section-align-center\" style=\"color: #6e92b6\">\n\tPresas\t<\/div><div class=\"edgtf-separator-holder clearfix  edgtf-separator-center\">\n\t<div class=\"edgtf-separator\" style=\"border-color: #ffeb00\"><\/div>\n<\/div>\n[vc_empty_space height=&#8221;34px&#8221;][vc_column_text]Otro elemento fundamental, para que podia\u00eds disfrutar de las mejores v\u00edas, es la <strong>calidad de las presas y vol\u00famenes<\/strong>.<\/p>\n<p>Contamos con m\u00e1s de 20.000 presas (suficientes para equipar 2 roc\u00f3dromos como el nuestro) y 150 vol\u00famenes de todas las formas y tama\u00f1os, de las mejores marcas del mercado; <strong>Squadra, Cheeta, Lapis, Xcult, Flathold, Bleaustone, Morpho, Core, Voltomic, Aix, Arrow Holds<\/strong>, y muchas m\u00e1s.<\/p>\n<p>En Bulder Planet creemos que <strong>las presas son la materia prima principal que nos permite conseguir que nuestros clientes disfruten escalando.<\/strong><\/p>\n<p>Por eso dedicamos un presupuesto anual muy importante para renovar constantemente nuestro stock de presas.<\/p>\n<p><strong>Los vol\u00famenes<\/strong> son de madera, permiten cambiar la configuraci\u00f3n de la pared y crear nuevos \u00e1ngulos. En ellos se pueden colocar presas o utilizarlos para hacer v\u00edas solo de vol\u00famenes.[\/vc_column_text]<div class=\"edgtf-image-gallery\">\n\t<div class=\"edgtf-image-gallery-sliding edgtf-gallery-image-slider\" data-autoplay=\"3\" data-animation=\"slide\" data-navigation=\"no\" data-pagination=\"no\">\n\t\t\t\t\t<div>\n\t\t\t\t\t\t\t\t\t\t\t\t<img width=\"704\" height=\"476\" src=\"https:\/\/bulderplanet.com\/maresme\/wp-content\/uploads\/2019\/11\/presas.png\" class=\"attachment-full size-full\" alt=\"\" loading=\"lazy\" srcset=\"https:\/\/bulderplanet.com\/maresme\/wp-content\/uploads\/2019\/11\/presas.png 704w, https:\/\/bulderplanet.com\/maresme\/wp-content\/uploads\/2019\/11\/presas-300x203.png 300w\" sizes=\"(max-width: 704px) 100vw, 704px\" \/>\t\t\t\t\t\t\t\t\t\t<\/div>\n\t\t\t\t\t<div>\n\t\t\t\t\t\t\t\t\t\t\t\t<img width=\"704\" height=\"476\" src=\"https:\/\/bulderplanet.com\/maresme\/wp-content\/uploads\/2019\/11\/presas1.png\" class=\"attachment-full size-full\" alt=\"\" loading=\"lazy\" srcset=\"https:\/\/bulderplanet.com\/maresme\/wp-content\/uploads\/2019\/11\/presas1.png 704w, https:\/\/bulderplanet.com\/maresme\/wp-content\/uploads\/2019\/11\/presas1-300x203.png 300w\" sizes=\"(max-width: 704px) 100vw, 704px\" \/>\t\t\t\t\t\t\t\t\t\t<\/div>\n\t\t\t\t\t<div>\n\t\t\t\t\t\t\t\t\t\t\t\t<img width=\"704\" height=\"476\" src=\"https:\/\/bulderplanet.com\/maresme\/wp-content\/uploads\/2019\/11\/presas2.png\" class=\"attachment-full size-full\" alt=\"\" loading=\"lazy\" srcset=\"https:\/\/bulderplanet.com\/maresme\/wp-content\/uploads\/2019\/11\/presas2.png 704w, https:\/\/bulderplanet.com\/maresme\/wp-content\/uploads\/2019\/11\/presas2-300x203.png 300w\" sizes=\"(max-width: 704px) 100vw, 704px\" \/>\t\t\t\t\t\t\t\t\t\t<\/div>\n\t\t\t\t\t<div>\n\t\t\t\t\t\t\t\t\t\t\t\t<img width=\"704\" height=\"476\" src=\"https:\/\/bulderplanet.com\/maresme\/wp-content\/uploads\/2019\/11\/presas3.png\" class=\"attachment-full size-full\" alt=\"\" loading=\"lazy\" srcset=\"https:\/\/bulderplanet.com\/maresme\/wp-content\/uploads\/2019\/11\/presas3.png 704w, https:\/\/bulderplanet.com\/maresme\/wp-content\/uploads\/2019\/11\/presas3-300x203.png 300w\" sizes=\"(max-width: 704px) 100vw, 704px\" \/>\t\t\t\t\t\t\t\t\t\t<\/div>\n\t\t\t\t\t<div>\n\t\t\t\t\t\t\t\t\t\t\t\t<img width=\"704\" height=\"476\" src=\"https:\/\/bulderplanet.com\/maresme\/wp-content\/uploads\/2019\/11\/presas4.png\" class=\"attachment-full size-full\" alt=\"\" loading=\"lazy\" srcset=\"https:\/\/bulderplanet.com\/maresme\/wp-content\/uploads\/2019\/11\/presas4.png 704w, https:\/\/bulderplanet.com\/maresme\/wp-content\/uploads\/2019\/11\/presas4-300x203.png 300w\" sizes=\"(max-width: 704px) 100vw, 704px\" \/>\t\t\t\t\t\t\t\t\t\t<\/div>\n\t\t\t\t\t<div>\n\t\t\t\t\t\t\t\t\t\t\t\t<img width=\"704\" height=\"476\" src=\"https:\/\/bulderplanet.com\/maresme\/wp-content\/uploads\/2019\/11\/presas5.png\" class=\"attachment-full size-full\" alt=\"\" loading=\"lazy\" srcset=\"https:\/\/bulderplanet.com\/maresme\/wp-content\/uploads\/2019\/11\/presas5.png 704w, https:\/\/bulderplanet.com\/maresme\/wp-content\/uploads\/2019\/11\/presas5-300x203.png 300w\" sizes=\"(max-width: 704px) 100vw, 704px\" \/>\t\t\t\t\t\t\t\t\t\t<\/div>\n\t\t\t\t\t<div>\n\t\t\t\t\t\t\t\t\t\t\t\t<img width=\"704\" height=\"476\" src=\"https:\/\/bulderplanet.com\/maresme\/wp-content\/uploads\/2019\/11\/presas6.png\" class=\"attachment-full size-full\" alt=\"\" loading=\"lazy\" srcset=\"https:\/\/bulderplanet.com\/maresme\/wp-content\/uploads\/2019\/11\/presas6.png 704w, https:\/\/bulderplanet.com\/maresme\/wp-content\/uploads\/2019\/11\/presas6-300x203.png 300w\" sizes=\"(max-width: 704px) 100vw, 704px\" \/>\t\t\t\t\t\t\t\t\t\t<\/div>\n\t\t\t\t\t<div>\n\t\t\t\t\t\t\t\t\t\t\t\t<img width=\"704\" height=\"476\" src=\"https:\/\/bulderplanet.com\/maresme\/wp-content\/uploads\/2019\/11\/presas7.png\" class=\"attachment-full size-full\" alt=\"\" loading=\"lazy\" srcset=\"https:\/\/bulderplanet.com\/maresme\/wp-content\/uploads\/2019\/11\/presas7.png 704w, https:\/\/bulderplanet.com\/maresme\/wp-content\/uploads\/2019\/11\/presas7-300x203.png 300w\" sizes=\"(max-width: 704px) 100vw, 704px\" \/>\t\t\t\t\t\t\t\t\t\t<\/div>\n\t\t\t\t\t<div>\n\t\t\t\t\t\t\t\t\t\t\t\t<img width=\"704\" height=\"476\" src=\"https:\/\/bulderplanet.com\/maresme\/wp-content\/uploads\/2019\/11\/presas8.png\" class=\"attachment-full size-full\" alt=\"\" loading=\"lazy\" srcset=\"https:\/\/bulderplanet.com\/maresme\/wp-content\/uploads\/2019\/11\/presas8.png 704w, https:\/\/bulderplanet.com\/maresme\/wp-content\/uploads\/2019\/11\/presas8-300x203.png 300w\" sizes=\"(max-width: 704px) 100vw, 704px\" \/>\t\t\t\t\t\t\t\t\t\t<\/div>\n\t\t\t\t\t<div>\n\t\t\t\t\t\t\t\t\t\t\t\t<img width=\"704\" height=\"476\" src=\"https:\/\/bulderplanet.com\/maresme\/wp-content\/uploads\/2019\/11\/presas9.png\" class=\"attachment-full size-full\" alt=\"\" loading=\"lazy\" srcset=\"https:\/\/bulderplanet.com\/maresme\/wp-content\/uploads\/2019\/11\/presas9.png 704w, https:\/\/bulderplanet.com\/maresme\/wp-content\/uploads\/2019\/11\/presas9-300x203.png 300w\" sizes=\"(max-width: 704px) 100vw, 704px\" \/>\t\t\t\t\t\t\t\t\t\t<\/div>\n\t\t\t\t\t<div>\n\t\t\t\t\t\t\t\t\t\t\t\t<img width=\"704\" height=\"476\" src=\"https:\/\/bulderplanet.com\/maresme\/wp-content\/uploads\/2019\/11\/presas10.png\" class=\"attachment-full size-full\" alt=\"\" loading=\"lazy\" srcset=\"https:\/\/bulderplanet.com\/maresme\/wp-content\/uploads\/2019\/11\/presas10.png 704w, https:\/\/bulderplanet.com\/maresme\/wp-content\/uploads\/2019\/11\/presas10-300x203.png 300w\" sizes=\"(max-width: 704px) 100vw, 704px\" \/>\t\t\t\t\t\t\t\t\t\t<\/div>\n\t\t\t<\/div>\n<\/div>\t\t<\/div>\n\t<\/div>\n<\/div><\/div>[\/vc_column][\/vc_row]<\/p>\n","protected":false},"excerpt":{"rendered":"<p>[vc_row content_width=&#8221;grid&#8221; angled_shape=&#8221;yes&#8221; css=&#8221;.vc_custom_1554886506707{padding-top: 100px !important;padding-bottom: 100px !important;}&#8221;][vc_column][\/vc_column][\/vc_row][vc_row content_width=&#8221;grid&#8221; css=&#8221;.vc_custom_1575455856339{padding-top: 150px !important;padding-bottom: 100px !important;background-color: #f4f4f4 !important;}&#8221; el_id=&#8221;equipacion&#8221;][vc_column][\/vc_column][\/vc_row]<\/p>\n","protected":false},"author":2,"featured_media":0,"parent":0,"menu_order":0,"comment_status":"closed","ping_status":"closed","template":"full-width.php","meta":[],"yoast_head":"<!-- This site is optimized with the Yoast SEO plugin v15.7 - https:\/\/yoast.com\/wordpress\/plugins\/seo\/ -->\n<title>\u00bfComo equipamos las v\u00edas del roc\u00f3dromo? - BulderPlanet<\/title>\n<meta name=\"robots\" content=\"index, follow, max-snippet:-1, max-image-preview:large, max-video-preview:-1\" \/>\n<link rel=\"canonical\" href=\"https:\/\/bulderplanet.com\/maresme\/como-equipamos-las-vias-del-rocodromo\/\" \/>\n<meta property=\"og:locale\" content=\"es_ES\" \/>\n<meta property=\"og:type\" content=\"article\" \/>\n<meta property=\"og:title\" content=\"\u00bfComo equipamos las v\u00edas del roc\u00f3dromo? - BulderPlanet\" \/>\n<meta property=\"og:description\" content=\"[vc_row content_width=&#8221;grid&#8221; angled_shape=&#8221;yes&#8221; css=&#8221;.vc_custom_1554886506707{padding-top: 100px !important;padding-bottom: 100px !important;}&#8221;][vc_column][\/vc_column][\/vc_row][vc_row content_width=&#8221;grid&#8221; css=&#8221;.vc_custom_1575455856339{padding-top: 150px !important;padding-bottom: 100px !important;background-color: #f4f4f4 !important;}&#8221; el_id=&#8221;equipacion&#8221;][vc_column][\/vc_column][\/vc_row]\" \/>\n<meta property=\"og:url\" content=\"https:\/\/bulderplanet.com\/maresme\/como-equipamos-las-vias-del-rocodromo\/\" \/>\n<meta property=\"og:site_name\" content=\"BulderPlanet\" \/>\n<meta property=\"article:modified_time\" content=\"2022-11-08T11:44:07+00:00\" \/>\n<meta name=\"twitter:card\" content=\"summary_large_image\" \/>\n<meta name=\"twitter:label1\" content=\"Tiempo de lectura\">\n\t<meta name=\"twitter:data1\" content=\"2 minutos\">\n<script type=\"application\/ld+json\" class=\"yoast-schema-graph\">{\"@context\":\"https:\/\/schema.org\",\"@graph\":[{\"@type\":\"WebSite\",\"@id\":\"https:\/\/bulderplanet.com\/maresme\/#website\",\"url\":\"https:\/\/bulderplanet.com\/maresme\/\",\"name\":\"BulderPlanet\",\"description\":\"Roc\\u00f3dromo Matar\\u00f3\",\"potentialAction\":[{\"@type\":\"SearchAction\",\"target\":\"https:\/\/bulderplanet.com\/maresme\/?s={search_term_string}\",\"query-input\":\"required name=search_term_string\"}],\"inLanguage\":\"es\"},{\"@type\":\"WebPage\",\"@id\":\"https:\/\/bulderplanet.com\/maresme\/como-equipamos-las-vias-del-rocodromo\/#webpage\",\"url\":\"https:\/\/bulderplanet.com\/maresme\/como-equipamos-las-vias-del-rocodromo\/\",\"name\":\"\\u00bfComo equipamos las v\\u00edas del roc\\u00f3dromo? - BulderPlanet\",\"isPartOf\":{\"@id\":\"https:\/\/bulderplanet.com\/maresme\/#website\"},\"datePublished\":\"2019-04-10T08:37:47+00:00\",\"dateModified\":\"2022-11-08T11:44:07+00:00\",\"inLanguage\":\"es\",\"potentialAction\":[{\"@type\":\"ReadAction\",\"target\":[\"https:\/\/bulderplanet.com\/maresme\/como-equipamos-las-vias-del-rocodromo\/\"]}]}]}<\/script>\n<!-- \/ Yoast SEO plugin. -->","_links":{"self":[{"href":"https:\/\/bulderplanet.com\/maresme\/wp-json\/wp\/v2\/pages\/8249"}],"collection":[{"href":"https:\/\/bulderplanet.com\/maresme\/wp-json\/wp\/v2\/pages"}],"about":[{"href":"https:\/\/bulderplanet.com\/maresme\/wp-json\/wp\/v2\/types\/page"}],"author":[{"embeddable":true,"href":"https:\/\/bulderplanet.com\/maresme\/wp-json\/wp\/v2\/users\/2"}],"replies":[{"embeddable":true,"href":"https:\/\/bulderplanet.com\/maresme\/wp-json\/wp\/v2\/comments?post=8249"}],"version-history":[{"count":102,"href":"https:\/\/bulderplanet.com\/maresme\/wp-json\/wp\/v2\/pages\/8249\/revisions"}],"predecessor-version":[{"id":44421,"href":"https:\/\/bulderplanet.com\/maresme\/wp-json\/wp\/v2\/pages\/8249\/revisions\/44421"}],"wp:attachment":[{"href":"https:\/\/bulderplanet.com\/maresme\/wp-json\/wp\/v2\/media?parent=8249"}],"curies":[{"name":"wp","href":"https:\/\/api.w.org\/{rel}","templated":true}]}}