{"id":8423,"date":"2019-04-15T13:49:58","date_gmt":"2019-04-15T11:49:58","guid":{"rendered":"http:\/\/bulderplanet.com\/v19\/?page_id=8423"},"modified":"2022-11-08T12:44:34","modified_gmt":"2022-11-08T11:44:34","slug":"club-escalada-mataro","status":"publish","type":"page","link":"https:\/\/bulderplanet.com\/maresme\/club-escalada-mataro\/","title":{"rendered":"Club de escalada  de Matar\u00f3"},"content":{"rendered":"<p>[vc_row content_width=&#8221;grid&#8221; css=&#8221;.vc_custom_1571737675988{padding-top: 100px !important;padding-bottom: 50px !important;}&#8221;][vc_column]<div class=\"edgtf-elements-holder edgtf-two-columns edgtf-two-columns-50-50 edgtf-responsive-mode-768\" ><div class=\"edgtf-elements-holder-item \" data-item-class=\"edgtf-elements-holder-custom-494249\" >\n\t\t<div class=\"edgtf-elements-holder-item-inner\">\n\t\t<div class=\"edgtf-elements-holder-item-content edgtf-elements-holder-custom-494249\" >\n\t\t\t[vc_column_text]<\/p>\n<p style=\"text-align: center;\">Club de Escalada Matar\u00f3 es la entidad deportiva que gestiona todas las actividades de formaci\u00f3n de escalada, tanto para ni\u00f1os (extraescolares y escuela de escalada) como para adultos (grupos de entrenamiento y cursos de iniciaci\u00f3n).<\/p>\n<p style=\"text-align: center;\">Estas <strong>actividades<\/strong> son <strong>dirigidas por t\u00e9cnicos y monitores expertos<\/strong> en escalada y titulados para garantizar la calidad de la formaci\u00f3n.<\/p>\n<p>[\/vc_column_text][vc_empty_space height=&#8221;50px&#8221;][vc_single_image image=&#8221;8841&#8243; alignment=&#8221;center&#8221;]\t\t<\/div>\n\t<\/div>\n<\/div><\/div>[\/vc_column][\/vc_row][vc_row content_width=&#8221;grid&#8221; css=&#8221;.vc_custom_1571737661104{padding-bottom: 100px !important;}&#8221;][vc_column]<div class=\"edgtf-elements-holder edgtf-two-columns edgtf-two-columns-50-50 edgtf-responsive-mode-768\" ><div class=\"edgtf-elements-holder-item \" data-item-class=\"edgtf-elements-holder-custom-632858\" >\n\t\t<div class=\"edgtf-elements-holder-item-inner\">\n\t\t<div class=\"edgtf-elements-holder-item-content edgtf-elements-holder-custom-632858\" >\n\t\t\t<div class=\"edgtf-image-gallery\">\n\t<div class=\"edgtf-image-gallery-grid edgtf-gallery-columns-3 edgtf-gallery-no-space edgtf-gallery-prettyphoto clearfix\" >\n\t\t\t\t\t<div class=\"edgtf-gallery-image\">\n\t\t\t\t\t\t\t\t\t<a href=\"https:\/\/bulderplanet.com\/maresme\/wp-content\/uploads\/2019\/10\/club1.png\" data-rel=\"prettyPhoto[single_pretty_photo]\" title=\"club1\">\n\t\t\t\t\t\t\t\t\t\t\t\t\t\t\t<img width=\"704\" height=\"476\" src=\"https:\/\/bulderplanet.com\/maresme\/wp-content\/uploads\/2019\/10\/club1.png\" class=\"attachment-full size-full\" alt=\"\" loading=\"lazy\" srcset=\"https:\/\/bulderplanet.com\/maresme\/wp-content\/uploads\/2019\/10\/club1.png 704w, https:\/\/bulderplanet.com\/maresme\/wp-content\/uploads\/2019\/10\/club1-300x203.png 300w\" sizes=\"(max-width: 704px) 100vw, 704px\" \/>\t\t\t\t\t                                           <span class=\"edgtf-pp-icon icon_plus\"><\/span>\n                    \t\t\t\t\t\t\t\t\t\t\t<\/a>\n\t\t\t\t\t\t\t\t<\/div>\n\t\t\t\t\t<div class=\"edgtf-gallery-image\">\n\t\t\t\t\t\t\t\t\t<a href=\"https:\/\/bulderplanet.com\/maresme\/wp-content\/uploads\/2019\/10\/club2.png\" data-rel=\"prettyPhoto[single_pretty_photo]\" title=\"club2\">\n\t\t\t\t\t\t\t\t\t\t\t\t\t\t\t<img width=\"704\" height=\"476\" src=\"https:\/\/bulderplanet.com\/maresme\/wp-content\/uploads\/2019\/10\/club2.png\" class=\"attachment-full size-full\" alt=\"\" loading=\"lazy\" srcset=\"https:\/\/bulderplanet.com\/maresme\/wp-content\/uploads\/2019\/10\/club2.png 704w, https:\/\/bulderplanet.com\/maresme\/wp-content\/uploads\/2019\/10\/club2-300x203.png 300w\" sizes=\"(max-width: 704px) 100vw, 704px\" \/>\t\t\t\t\t                                           <span class=\"edgtf-pp-icon icon_plus\"><\/span>\n                    \t\t\t\t\t\t\t\t\t\t\t<\/a>\n\t\t\t\t\t\t\t\t<\/div>\n\t\t\t\t\t<div class=\"edgtf-gallery-image\">\n\t\t\t\t\t\t\t\t\t<a href=\"https:\/\/bulderplanet.com\/maresme\/wp-content\/uploads\/2019\/10\/club3.png\" data-rel=\"prettyPhoto[single_pretty_photo]\" title=\"club3\">\n\t\t\t\t\t\t\t\t\t\t\t\t\t\t\t<img width=\"704\" height=\"476\" src=\"https:\/\/bulderplanet.com\/maresme\/wp-content\/uploads\/2019\/10\/club3.png\" class=\"attachment-full size-full\" alt=\"\" loading=\"lazy\" srcset=\"https:\/\/bulderplanet.com\/maresme\/wp-content\/uploads\/2019\/10\/club3.png 704w, https:\/\/bulderplanet.com\/maresme\/wp-content\/uploads\/2019\/10\/club3-300x203.png 300w\" sizes=\"(max-width: 704px) 100vw, 704px\" \/>\t\t\t\t\t                                           <span class=\"edgtf-pp-icon icon_plus\"><\/span>\n                    \t\t\t\t\t\t\t\t\t\t\t<\/a>\n\t\t\t\t\t\t\t\t<\/div>\n\t\t\t<\/div>\n<\/div>\t\t<\/div>\n\t<\/div>\n<\/div><\/div>[\/vc_column][\/vc_row]<\/p>\n","protected":false},"excerpt":{"rendered":"<p>[vc_row content_width=&#8221;grid&#8221; css=&#8221;.vc_custom_1571737675988{padding-top: 100px !important;padding-bottom: 50px !important;}&#8221;][vc_column][\/vc_column][\/vc_row][vc_row content_width=&#8221;grid&#8221; css=&#8221;.vc_custom_1571737661104{padding-bottom: 100px !important;}&#8221;][vc_column][\/vc_column][\/vc_row]<\/p>\n","protected":false},"author":2,"featured_media":0,"parent":0,"menu_order":0,"comment_status":"closed","ping_status":"closed","template":"","meta":[],"yoast_head":"<!-- This site is optimized with the Yoast SEO plugin v15.7 - https:\/\/yoast.com\/wordpress\/plugins\/seo\/ -->\n<title>Club de escalada de Matar\u00f3 - BulderPlanet<\/title>\n<meta name=\"robots\" content=\"index, follow, max-snippet:-1, max-image-preview:large, max-video-preview:-1\" \/>\n<link rel=\"canonical\" href=\"https:\/\/bulderplanet.com\/maresme\/club-escalada-mataro\/\" \/>\n<meta property=\"og:locale\" content=\"es_ES\" \/>\n<meta property=\"og:type\" content=\"article\" \/>\n<meta property=\"og:title\" content=\"Club de escalada de Matar\u00f3 - BulderPlanet\" \/>\n<meta property=\"og:description\" content=\"[vc_row content_width=&#8221;grid&#8221; css=&#8221;.vc_custom_1571737675988{padding-top: 100px !important;padding-bottom: 50px !important;}&#8221;][vc_column][\/vc_column][\/vc_row][vc_row content_width=&#8221;grid&#8221; css=&#8221;.vc_custom_1571737661104{padding-bottom: 100px !important;}&#8221;][vc_column][\/vc_column][\/vc_row]\" \/>\n<meta property=\"og:url\" content=\"https:\/\/bulderplanet.com\/maresme\/club-escalada-mataro\/\" \/>\n<meta property=\"og:site_name\" content=\"BulderPlanet\" \/>\n<meta property=\"article:modified_time\" content=\"2022-11-08T11:44:34+00:00\" \/>\n<meta name=\"twitter:card\" content=\"summary_large_image\" \/>\n<meta name=\"twitter:label1\" content=\"Tiempo de lectura\">\n\t<meta name=\"twitter:data1\" content=\"1 minuto\">\n<script type=\"application\/ld+json\" class=\"yoast-schema-graph\">{\"@context\":\"https:\/\/schema.org\",\"@graph\":[{\"@type\":\"WebSite\",\"@id\":\"https:\/\/bulderplanet.com\/maresme\/#website\",\"url\":\"https:\/\/bulderplanet.com\/maresme\/\",\"name\":\"BulderPlanet\",\"description\":\"Roc\\u00f3dromo Matar\\u00f3\",\"potentialAction\":[{\"@type\":\"SearchAction\",\"target\":\"https:\/\/bulderplanet.com\/maresme\/?s={search_term_string}\",\"query-input\":\"required name=search_term_string\"}],\"inLanguage\":\"es\"},{\"@type\":\"WebPage\",\"@id\":\"https:\/\/bulderplanet.com\/maresme\/club-escalada-mataro\/#webpage\",\"url\":\"https:\/\/bulderplanet.com\/maresme\/club-escalada-mataro\/\",\"name\":\"Club de escalada de Matar\\u00f3 - BulderPlanet\",\"isPartOf\":{\"@id\":\"https:\/\/bulderplanet.com\/maresme\/#website\"},\"datePublished\":\"2019-04-15T11:49:58+00:00\",\"dateModified\":\"2022-11-08T11:44:34+00:00\",\"inLanguage\":\"es\",\"potentialAction\":[{\"@type\":\"ReadAction\",\"target\":[\"https:\/\/bulderplanet.com\/maresme\/club-escalada-mataro\/\"]}]}]}<\/script>\n<!-- \/ Yoast SEO plugin. -->","_links":{"self":[{"href":"https:\/\/bulderplanet.com\/maresme\/wp-json\/wp\/v2\/pages\/8423"}],"collection":[{"href":"https:\/\/bulderplanet.com\/maresme\/wp-json\/wp\/v2\/pages"}],"about":[{"href":"https:\/\/bulderplanet.com\/maresme\/wp-json\/wp\/v2\/types\/page"}],"author":[{"embeddable":true,"href":"https:\/\/bulderplanet.com\/maresme\/wp-json\/wp\/v2\/users\/2"}],"replies":[{"embeddable":true,"href":"https:\/\/bulderplanet.com\/maresme\/wp-json\/wp\/v2\/comments?post=8423"}],"version-history":[{"count":22,"href":"https:\/\/bulderplanet.com\/maresme\/wp-json\/wp\/v2\/pages\/8423\/revisions"}],"predecessor-version":[{"id":44595,"href":"https:\/\/bulderplanet.com\/maresme\/wp-json\/wp\/v2\/pages\/8423\/revisions\/44595"}],"wp:attachment":[{"href":"https:\/\/bulderplanet.com\/maresme\/wp-json\/wp\/v2\/media?parent=8423"}],"curies":[{"name":"wp","href":"https:\/\/api.w.org\/{rel}","templated":true}]}}