{"id":9052,"date":"2019-10-23T16:15:06","date_gmt":"2019-10-23T14:15:06","guid":{"rendered":"https:\/\/bulderplanet.com\/?page_id=9052"},"modified":"2022-01-11T17:26:34","modified_gmt":"2022-01-11T16:26:34","slug":"adultos","status":"publish","type":"page","link":"https:\/\/bulderplanet.com\/maresme\/adultos\/","title":{"rendered":"Adultos"},"content":{"rendered":"<p>[vc_row content_width=&#8221;grid&#8221; angled_shape=&#8221;yes&#8221; css=&#8221;.vc_custom_1553095200070{padding-top: 100px !important;padding-bottom: 100px !important;}&#8221;][vc_column]<div class=\"edgtf-elements-holder edgtf-two-columns edgtf-two-columns-50-50 edgtf-responsive-mode-768\" ><div class=\"edgtf-elements-holder-item \" data-item-class=\"edgtf-elements-holder-custom-113980\" >\n\t\t<div class=\"edgtf-elements-holder-item-inner\">\n\t\t<div class=\"edgtf-elements-holder-item-content edgtf-elements-holder-custom-113980\" >\n\t\t\t[vc_column_text]<strong>Si quieres escalar en Matar\u00f3<\/strong>, zona norte de Barcelona o comarca del Maresme, <strong>Bulder Planet es tu roc\u00f3dromo de referencia<\/strong>. Te ofrecemos una instalaci\u00f3n de m\u00e1s de 600 m2 donde encontrar\u00e1s m\u00e1s de 125 v\u00edas de b\u00falder (repartidos en tres sectores diferentes) que se renueva constantemente (lunes y jueves), 10 v\u00edas de resistencia en nuestro muro de continuidad, zona de campus\/entrenamiento y gimnasio.<\/p>\n<p><strong>Escalada para todos los niveles y edades<\/strong>, con un sistema de graduaci\u00f3n por colores que facilita la escalada individual con v\u00edas de todos los grados en todas las zonas, adaptadas tanto para ni\u00f1os desde 5 a\u00f1os, hasta a escaladores profesionales.<\/p>\n<p>Bulder Planet <strong>es el roc\u00f3dromo donde aprender a escalar con nuestros cursos de escalada :\u00a0 <span style=\"color: #6e92b6;\"><a style=\"color: #6e92b6;\" href=\"https:\/\/bulderplanet.com\/en-el-rocodromo\/#bau1mes\">bautismo<\/a><\/span>, <a href=\"https:\/\/bulderplanet.com\/en-el-rocodromo\/#bau1mes\"><span style=\"color: #6e92b6;\">curso de 1<\/span><span style=\"color: #6e92b6;\"> mes<\/span><\/a><\/strong>, <strong><a href=\"https:\/\/bulderplanet.com\/outdoor\/#iniVias\"><span style=\"color: #6e92b6;\">iniciaci\u00f3n<\/span><\/a><\/strong>, <strong><a href=\"https:\/\/bulderplanet.com\/outdoor\/#iniVias\"><span style=\"color: #6e92b6;\">v\u00eda ferrata<\/span><\/a><\/strong>,\u00a0<strong><a href=\"https:\/\/bulderplanet.com\/outdoor\/#iniVias\"><span style=\"color: #6e92b6;\">v\u00eda larga<\/span><\/a><\/strong>,<span style=\"color: #6e92b6;\">\u00a0<\/span><strong><a href=\"https:\/\/bulderplanet.com\/inout\/#cursos\"><span style=\"color: #6e92b6;\">curso trimestral<\/span><\/a><\/strong>,\u00a0<span style=\"color: #6e92b6;\"><strong><a style=\"color: #6e92b6;\" href=\"https:\/\/bulderplanet.com\/inout\/#cursos\">curs<\/a><a style=\"color: #6e92b6;\" href=\"https:\/\/bulderplanet.com\/inout\/\">o<\/a><a style=\"color: #6e92b6;\" href=\"https:\/\/bulderplanet.com\/inout\/#cursos\"> semetral<\/a><\/strong><\/span>,\u00a0 <span style=\"color: #6e92b6;\"><a style=\"color: #6e92b6;\" href=\"https:\/\/bulderplanet.com\/clases-particulares\/#claPartic\"><strong>clases particulares<\/strong><\/a><\/span> o con <strong>nuestros entrenamientos de: <span style=\"color: #6e92b6;\"><a style=\"color: #6e92b6;\" href=\"https:\/\/bulderplanet.com\/entrenamientos\/#grupos\">grupos<\/a><\/span> o con una <span style=\"color: #6e92b6;\"><a style=\"color: #6e92b6;\" href=\"https:\/\/bulderplanet.com\/planificacion-individuales\/#planIndiv\">planificaci\u00f3n individual<\/a><\/span>\u00a0<\/strong>y tambi\u00e9n<strong> tenemos <span style=\"color: #6e92b6;\"><a style=\"color: #6e92b6;\" href=\"https:\/\/bulderplanet.com\/actividades-para-empresas\/#empresas\">actividades para empresas<\/a><\/span>.<\/strong><\/p>\n<p><strong>\u00a0\u00bfQuieres\u00a0regalar cualquiera de nuestras\u00a0actividades de escalada Bulder Planet?<\/strong> vis\u00edtanos o escr\u00edbenos y\u00a0regala una experiencia.<\/p>\n<p><strong>Si tienes alguna duda escr\u00edbenos<span style=\"color: #6e92b6;\">\u00a0<a style=\"color: #6e92b6;\" href=\"mailto:info@bulderplanet.com\">info@bulderplanet.com<\/a><\/span><\/strong>[\/vc_column_text][vc_empty_space height=&#8221;20px&#8221;]\n<div class=\"edgtf-section-title edgtf-section-align-left\" >\n\tNUESTROS SERVICIOS\t<\/div><div class=\"edgtf-separator-holder clearfix  edgtf-separator-left\">\n\t<div class=\"edgtf-separator\" style=\"border-color: #6e92b6\"><\/div>\n<\/div>\n[vc_column_text]<\/p>\n<ul>\n<li><strong>CURSOS DE ESCALADA<\/strong><br \/>\n<span style=\"color: #6e92b6;\"><a style=\"color: #6e92b6;\" href=\"https:\/\/bulderplanet.com\/en-el-rocodromo\/#bau1mes\">Bautismo<\/a><\/span>\u00a0(en roc\u00f3dromo)<br \/>\n<a href=\"https:\/\/bulderplanet.com\/en-el-rocodromo\/#bau1mes\"><span style=\"color: #6e92b6;\">Curso de Iniciaci\u00f3n a la escalada<\/span><\/a>\u00a0(en roc\u00f3dromo)<br \/>\n<span style=\"color: #6e92b6;\"><a style=\"color: #6e92b6;\" href=\"https:\/\/bulderplanet.com\/outdoor\/#iniVias\">Iniciaci\u00f3n<\/a><\/span>\u00a0(outdoor)<br \/>\n<span style=\"color: #6e92b6;\"><a style=\"color: #6e92b6;\" href=\"https:\/\/bulderplanet.com\/outdoor\/#iniVias\">V\u00eda ferrata<\/a><\/span>\u00a0(outdoor)<br \/>\n<span style=\"color: #6e92b6;\"><a style=\"color: #6e92b6;\" href=\"https:\/\/bulderplanet.com\/outdoor\/#iniVias\">V\u00eda larga<\/a><\/span>\u00a0(outdoor)<br \/>\n<span style=\"color: #6e92b6;\"><a style=\"color: #6e92b6;\" href=\"https:\/\/bulderplanet.com\/inout\/#cursos\">Curso trimestral<\/a><\/span>\u00a0(in&amp;out)<br \/>\n<span style=\"color: #6e92b6;\"><a style=\"color: #6e92b6;\" href=\"https:\/\/bulderplanet.com\/inout\/#cursos\">Curso semestral<\/a><\/span>\u00a0(in&amp;out)<br \/>\n<span style=\"color: #6e92b6;\"><a style=\"color: #6e92b6;\" href=\"https:\/\/bulderplanet.com\/clases-particulares\/#claPartic\">Clases particulares<\/a><\/span><\/li>\n<li><strong>ENTRENAMIENTOS<\/strong><br \/>\n<span style=\"color: #6e92b6;\"><a style=\"color: #6e92b6;\" href=\"https:\/\/bulderplanet.com\/entrenamientos\/#grupos\">Grupos<\/a><\/span><br \/>\n<span style=\"color: #6e92b6;\"><a style=\"color: #6e92b6;\" href=\"https:\/\/bulderplanet.com\/planificacion-individuales\/#planIndiv\">Planificaci\u00f3n individual<\/a><\/span><\/li>\n<li><strong>ACTIVIDADES<\/strong><br \/>\n<span style=\"color: #6e92b6;\"><a style=\"color: #6e92b6;\" href=\"https:\/\/bulderplanet.com\/actividades-para-empresas\/#empresas\">Actividades para empresas<\/a><\/span><\/li>\n<\/ul>\n<p>[\/vc_column_text]\t\t<\/div>\n\t<\/div>\n<\/div><div class=\"edgtf-elements-holder-item edgtf-vertical-alignment-top\" data-item-class=\"edgtf-elements-holder-custom-510183\" >\n\t\t<div class=\"edgtf-elements-holder-item-inner\">\n\t\t<div class=\"edgtf-elements-holder-item-content edgtf-elements-holder-custom-510183\" >\n\t\t\t[vc_single_image image=&#8221;44439&#8243; img_size=&#8221;full&#8221;]\t\t<\/div>\n\t<\/div>\n<\/div><\/div>[\/vc_column][\/vc_row]<\/p>\n","protected":false},"excerpt":{"rendered":"<p>[vc_row content_width=&#8221;grid&#8221; angled_shape=&#8221;yes&#8221; css=&#8221;.vc_custom_1553095200070{padding-top: 100px !important;padding-bottom: 100px !important;}&#8221;][vc_column][\/vc_column][\/vc_row]<\/p>\n","protected":false},"author":2,"featured_media":0,"parent":0,"menu_order":0,"comment_status":"closed","ping_status":"closed","template":"full-width.php","meta":[],"yoast_head":"<!-- This site is optimized with the Yoast SEO plugin v15.7 - https:\/\/yoast.com\/wordpress\/plugins\/seo\/ -->\n<title>Adultos - BulderPlanet<\/title>\n<meta name=\"robots\" content=\"index, follow, max-snippet:-1, max-image-preview:large, max-video-preview:-1\" \/>\n<link rel=\"canonical\" href=\"https:\/\/bulderplanet.com\/maresme\/adultos\/\" \/>\n<meta property=\"og:locale\" content=\"es_ES\" \/>\n<meta property=\"og:type\" content=\"article\" \/>\n<meta property=\"og:title\" content=\"Adultos - BulderPlanet\" \/>\n<meta property=\"og:description\" content=\"[vc_row content_width=&#8221;grid&#8221; angled_shape=&#8221;yes&#8221; css=&#8221;.vc_custom_1553095200070{padding-top: 100px !important;padding-bottom: 100px !important;}&#8221;][vc_column][\/vc_column][\/vc_row]\" \/>\n<meta property=\"og:url\" content=\"https:\/\/bulderplanet.com\/maresme\/adultos\/\" \/>\n<meta property=\"og:site_name\" content=\"BulderPlanet\" \/>\n<meta property=\"article:modified_time\" content=\"2022-01-11T16:26:34+00:00\" \/>\n<meta name=\"twitter:card\" content=\"summary_large_image\" \/>\n<meta name=\"twitter:label1\" content=\"Tiempo de lectura\">\n\t<meta name=\"twitter:data1\" content=\"2 minutos\">\n<script type=\"application\/ld+json\" class=\"yoast-schema-graph\">{\"@context\":\"https:\/\/schema.org\",\"@graph\":[{\"@type\":\"WebSite\",\"@id\":\"https:\/\/bulderplanet.com\/maresme\/#website\",\"url\":\"https:\/\/bulderplanet.com\/maresme\/\",\"name\":\"BulderPlanet\",\"description\":\"Roc\\u00f3dromo Matar\\u00f3\",\"potentialAction\":[{\"@type\":\"SearchAction\",\"target\":\"https:\/\/bulderplanet.com\/maresme\/?s={search_term_string}\",\"query-input\":\"required name=search_term_string\"}],\"inLanguage\":\"es\"},{\"@type\":\"WebPage\",\"@id\":\"https:\/\/bulderplanet.com\/maresme\/adultos\/#webpage\",\"url\":\"https:\/\/bulderplanet.com\/maresme\/adultos\/\",\"name\":\"Adultos - BulderPlanet\",\"isPartOf\":{\"@id\":\"https:\/\/bulderplanet.com\/maresme\/#website\"},\"datePublished\":\"2019-10-23T14:15:06+00:00\",\"dateModified\":\"2022-01-11T16:26:34+00:00\",\"inLanguage\":\"es\",\"potentialAction\":[{\"@type\":\"ReadAction\",\"target\":[\"https:\/\/bulderplanet.com\/maresme\/adultos\/\"]}]}]}<\/script>\n<!-- \/ Yoast SEO plugin. -->","_links":{"self":[{"href":"https:\/\/bulderplanet.com\/maresme\/wp-json\/wp\/v2\/pages\/9052"}],"collection":[{"href":"https:\/\/bulderplanet.com\/maresme\/wp-json\/wp\/v2\/pages"}],"about":[{"href":"https:\/\/bulderplanet.com\/maresme\/wp-json\/wp\/v2\/types\/page"}],"author":[{"embeddable":true,"href":"https:\/\/bulderplanet.com\/maresme\/wp-json\/wp\/v2\/users\/2"}],"replies":[{"embeddable":true,"href":"https:\/\/bulderplanet.com\/maresme\/wp-json\/wp\/v2\/comments?post=9052"}],"version-history":[{"count":42,"href":"https:\/\/bulderplanet.com\/maresme\/wp-json\/wp\/v2\/pages\/9052\/revisions"}],"predecessor-version":[{"id":44440,"href":"https:\/\/bulderplanet.com\/maresme\/wp-json\/wp\/v2\/pages\/9052\/revisions\/44440"}],"wp:attachment":[{"href":"https:\/\/bulderplanet.com\/maresme\/wp-json\/wp\/v2\/media?parent=9052"}],"curies":[{"name":"wp","href":"https:\/\/api.w.org\/{rel}","templated":true}]}}