{"id":9233,"date":"2019-11-07T12:21:13","date_gmt":"2019-11-07T11:21:13","guid":{"rendered":"https:\/\/bulderplanet.com\/?page_id=9233"},"modified":"2022-11-08T12:45:33","modified_gmt":"2022-11-08T11:45:33","slug":"hazte-socio","status":"publish","type":"page","link":"https:\/\/bulderplanet.com\/maresme\/hazte-socio\/","title":{"rendered":"Hazte socio"},"content":{"rendered":"<p>[vc_row content_width=&#8221;grid&#8221; angled_shape=&#8221;yes&#8221; css=&#8221;.vc_custom_1560262957851{padding-top: 100px !important;padding-bottom: 100px !important;}&#8221;][vc_column]<div class=\"edgtf-elements-holder edgtf-two-columns edgtf-two-columns-50-50 edgtf-responsive-mode-768\" ><div class=\"edgtf-elements-holder-item \" data-item-class=\"edgtf-elements-holder-custom-927113\" >\n\t\t<div class=\"edgtf-elements-holder-item-inner\">\n\t\t<div class=\"edgtf-elements-holder-item-content edgtf-elements-holder-custom-927113\" >\n\t\t\t[vc_column_text]Si quieres venir a escalar &#8220;por libre&#8221; de forma regular (m\u00e1s de 1 d\u00eda a la semana) la mejor opci\u00f3n es que te hagas socio del roc\u00f3dromo y as\u00ed tienes acceso ilimitado a todas las instalaciones los 7 d\u00edas de la semana.\u00a0La cuota mensual son 45 euros.<\/p>\n<p>Rellena la inscripci\u00f3n y descargate la hoja de domiciliaci\u00f3pn bancaria. Tendras que rellenarla y traerla a recepci\u00f3n as\u00ed el pago ira domiciliado por el banco.<\/p>\n<p>Entra a formar parte de nuestra familia de amantes de la escalada! Entrena, pasalo bien y ponte en forma en Bulder Planet.[\/vc_column_text][vc_empty_space height=&#8221;10px&#8221;]<a href=\"https:\/\/bulderplanet.com\/maresme\/wp-content\/uploads\/2020\/10\/inscripcio.pdf\" target=\"_self\" style=\"color: #ffffff;background-color: #ffeb00\" class=\"edgtf-btn edgtf-btn-large edgtf-btn-solid edgtf-btn-custom-hover-bg edgtf-btn-custom-hover-color\" data-hover-bg-color=\"#6e92b6\" data-hover-color=\"#ffffff\" >\n\t\t\t<span class=\"edgtf-btn-text\">INSCRIPCI\u00d3N<\/span>\n\t    <\/a><a href=\"https:\/\/bulderplanet.com\/maresme\/wp-content\/uploads\/2019\/11\/Orden-de-domiciliacion-CLUB-ESCALADA-MATARO.docx\" target=\"_self\" style=\"color: #ffffff;background-color: #6e92b6\" class=\"edgtf-btn edgtf-btn-large edgtf-btn-solid edgtf-btn-custom-hover-bg edgtf-btn-custom-hover-color\" data-hover-bg-color=\"#ffeb00\" data-hover-color=\"#ffffff\" >\n\t\t\t<span class=\"edgtf-btn-text\">DOMICILIACI\u00d3N BANCARIA<\/span>\n\t    <\/a>[vc_empty_space height=&#8221;50px&#8221;]\t\t<\/div>\n\t<\/div>\n<\/div><div class=\"edgtf-elements-holder-item \" data-item-class=\"edgtf-elements-holder-custom-888143\" >\n\t\t<div class=\"edgtf-elements-holder-item-inner\">\n\t\t<div class=\"edgtf-elements-holder-item-content edgtf-elements-holder-custom-888143\" >\n\t\t\t[vc_single_image image=&#8221;9433&#8243; img_size=&#8221;full&#8221;]\t\t<\/div>\n\t<\/div>\n<\/div><\/div>[\/vc_column][\/vc_row]<\/p>\n","protected":false},"excerpt":{"rendered":"<p>[vc_row content_width=&#8221;grid&#8221; angled_shape=&#8221;yes&#8221; css=&#8221;.vc_custom_1560262957851{padding-top: 100px !important;padding-bottom: 100px !important;}&#8221;][vc_column][\/vc_column][\/vc_row]<\/p>\n","protected":false},"author":2,"featured_media":0,"parent":0,"menu_order":0,"comment_status":"closed","ping_status":"closed","template":"full-width.php","meta":[],"yoast_head":"<!-- This site is optimized with the Yoast SEO plugin v15.7 - https:\/\/yoast.com\/wordpress\/plugins\/seo\/ -->\n<title>Hazte socio - BulderPlanet<\/title>\n<meta name=\"robots\" content=\"index, follow, max-snippet:-1, max-image-preview:large, max-video-preview:-1\" \/>\n<link rel=\"canonical\" href=\"https:\/\/bulderplanet.com\/maresme\/hazte-socio\/\" \/>\n<meta property=\"og:locale\" content=\"es_ES\" \/>\n<meta property=\"og:type\" content=\"article\" \/>\n<meta property=\"og:title\" content=\"Hazte socio - BulderPlanet\" \/>\n<meta property=\"og:description\" content=\"[vc_row content_width=&#8221;grid&#8221; angled_shape=&#8221;yes&#8221; css=&#8221;.vc_custom_1560262957851{padding-top: 100px !important;padding-bottom: 100px !important;}&#8221;][vc_column][\/vc_column][\/vc_row]\" \/>\n<meta property=\"og:url\" content=\"https:\/\/bulderplanet.com\/maresme\/hazte-socio\/\" \/>\n<meta property=\"og:site_name\" content=\"BulderPlanet\" \/>\n<meta property=\"article:modified_time\" content=\"2022-11-08T11:45:33+00:00\" \/>\n<meta name=\"twitter:card\" content=\"summary_large_image\" \/>\n<meta name=\"twitter:label1\" content=\"Tiempo de lectura\">\n\t<meta name=\"twitter:data1\" content=\"1 minuto\">\n<script type=\"application\/ld+json\" class=\"yoast-schema-graph\">{\"@context\":\"https:\/\/schema.org\",\"@graph\":[{\"@type\":\"WebSite\",\"@id\":\"https:\/\/bulderplanet.com\/maresme\/#website\",\"url\":\"https:\/\/bulderplanet.com\/maresme\/\",\"name\":\"BulderPlanet\",\"description\":\"Roc\\u00f3dromo Matar\\u00f3\",\"potentialAction\":[{\"@type\":\"SearchAction\",\"target\":\"https:\/\/bulderplanet.com\/maresme\/?s={search_term_string}\",\"query-input\":\"required name=search_term_string\"}],\"inLanguage\":\"es\"},{\"@type\":\"WebPage\",\"@id\":\"https:\/\/bulderplanet.com\/maresme\/hazte-socio\/#webpage\",\"url\":\"https:\/\/bulderplanet.com\/maresme\/hazte-socio\/\",\"name\":\"Hazte socio - BulderPlanet\",\"isPartOf\":{\"@id\":\"https:\/\/bulderplanet.com\/maresme\/#website\"},\"datePublished\":\"2019-11-07T11:21:13+00:00\",\"dateModified\":\"2022-11-08T11:45:33+00:00\",\"inLanguage\":\"es\",\"potentialAction\":[{\"@type\":\"ReadAction\",\"target\":[\"https:\/\/bulderplanet.com\/maresme\/hazte-socio\/\"]}]}]}<\/script>\n<!-- \/ Yoast SEO plugin. -->","_links":{"self":[{"href":"https:\/\/bulderplanet.com\/maresme\/wp-json\/wp\/v2\/pages\/9233"}],"collection":[{"href":"https:\/\/bulderplanet.com\/maresme\/wp-json\/wp\/v2\/pages"}],"about":[{"href":"https:\/\/bulderplanet.com\/maresme\/wp-json\/wp\/v2\/types\/page"}],"author":[{"embeddable":true,"href":"https:\/\/bulderplanet.com\/maresme\/wp-json\/wp\/v2\/users\/2"}],"replies":[{"embeddable":true,"href":"https:\/\/bulderplanet.com\/maresme\/wp-json\/wp\/v2\/comments?post=9233"}],"version-history":[{"count":12,"href":"https:\/\/bulderplanet.com\/maresme\/wp-json\/wp\/v2\/pages\/9233\/revisions"}],"predecessor-version":[{"id":44596,"href":"https:\/\/bulderplanet.com\/maresme\/wp-json\/wp\/v2\/pages\/9233\/revisions\/44596"}],"wp:attachment":[{"href":"https:\/\/bulderplanet.com\/maresme\/wp-json\/wp\/v2\/media?parent=9233"}],"curies":[{"name":"wp","href":"https:\/\/api.w.org\/{rel}","templated":true}]}}