{"id":7565,"date":"2019-03-22T11:18:37","date_gmt":"2019-03-22T10:18:37","guid":{"rendered":"https:\/\/bulderplanet.com\/valles\/v19\/?page_id=7565"},"modified":"2024-05-07T13:53:40","modified_gmt":"2024-05-07T11:53:40","slug":"entrenamientos","status":"publish","type":"page","link":"https:\/\/bulderplanet.com\/valles\/entrenamientos\/","title":{"rendered":"Grupos"},"content":{"rendered":"<p>[vc_row content_width=&#8221;grid&#8221; angled_shape=&#8221;yes&#8221; css=&#8221;.vc_custom_1553253665740{padding-top: 100px !important;padding-bottom: 100px !important;}&#8221;][vc_column]<div class=\"edgtf-elements-holder edgtf-two-columns edgtf-two-columns-50-50 edgtf-responsive-mode-768\" ><div class=\"edgtf-elements-holder-item \" data-item-class=\"edgtf-elements-holder-custom-802762\" >\n\t\t<div class=\"edgtf-elements-holder-item-inner\">\n\t\t<div class=\"edgtf-elements-holder-item-content edgtf-elements-holder-custom-802762\" >\n\t\t\t[vc_column_text]Nuestros entrenadores planifican las sesiones en funci\u00f3n de vuestros objetivos y nivel de partida intentando haceros escaladores m\u00e1s completos.<\/p>\n<p>En las sesiones se trabajar\u00e1 la t\u00e9cnica, la fuerza espec\u00edfica de escalada, el acondicionamiento f\u00edsico general, la flexibilidad, as\u00ed como elementos motivacionales.<\/p>\n<p>Trabajamos con todos las herramientas y zonas del roc\u00f3dromo, zona de b\u00falder, gimnasio, campus, etc..[\/vc_column_text][vc_empty_space height=&#8221;50px&#8221;]<div class=\"edgtf-iwt clearfix edgtf-iwt-icon-top edgtf-iwt-flip-enabled-no edgtf-iwt-icon-medium\">\n    <div class=\"edgtf-iwt-icon-holder\" >\n                    \n    <span class=\"edgtf-icon-shortcode normal edgtf-icon-medium\"  data-hover-color=\"#ffeb00\" data-color=\"#ffeb00\">\n                    <a href=\"https:\/\/bulderplanet.com\/valles\/entrenamientos\/#grupos\" target=\"_self\" >\n        \n        <i class=\"edgtf-icon-font-awesome fa fa-arrow-circle-down edgtf-icon-element\" style=\"color: #ffeb00\" ><\/i>\n                    <\/a>\n            <\/span>\n\n            <\/div>\n    <div class=\"edgtf-iwt-content-holder\" >\n        <div class=\"edgtf-iwt-title-holder\">\n            <h5 >M\u00e1s info<\/h5>\n        <\/div>\n        <div class=\"edgtf-iwt-text-holder\">\n            <p ><\/p>\n\n                    <\/div>\n    <\/div>\n<\/div>\t\t<\/div>\n\t<\/div>\n<\/div><div class=\"edgtf-elements-holder-item \" data-item-class=\"edgtf-elements-holder-custom-183226\" >\n\t\t<div class=\"edgtf-elements-holder-item-inner\">\n\t\t<div class=\"edgtf-elements-holder-item-content edgtf-elements-holder-custom-183226\" >\n\t\t\t[vc_single_image image=&#8221;44435&#8243; img_size=&#8221;full&#8221;]\t\t<\/div>\n\t<\/div>\n<\/div><\/div>[\/vc_column][\/vc_row][vc_row content_width=&#8221;grid&#8221; css=&#8221;.vc_custom_1573139865014{padding-top: 100px !important;padding-bottom: 100px !important;background-color: #f4f4f4 !important;}&#8221; el_id=&#8221;grupos&#8221;][vc_column]<div class=\"edgtf-elements-holder edgtf-two-columns edgtf-two-columns-50-50 edgtf-responsive-mode-768\" ><div class=\"edgtf-elements-holder-item \" data-item-class=\"edgtf-elements-holder-custom-613673\" >\n\t\t<div class=\"edgtf-elements-holder-item-inner\">\n\t\t<div class=\"edgtf-elements-holder-item-content edgtf-elements-holder-custom-613673\" >\n\t\t\t\n<div class=\"edgtf-section-title edgtf-section-align-left\" >\n\tGrupos\t<\/div>[vc_column_text]Sesiones dirigidas por un entrenador, evaluaci\u00f3n continua y preparaci\u00f3n f\u00edsica complementaria.<br \/>\n<strong>EXCLUSIVO PARA SOCIOS.<\/strong>[\/vc_column_text]<div class=\"edgtf-separator-holder clearfix  edgtf-separator-left\">\n\t<div class=\"edgtf-separator\" style=\"border-color: #ffeb00;border-style: solid\"><\/div>\n<\/div>\n[vc_column_text]<strong>DURACI\u00d3N<\/strong><br \/>\n1 d\u00eda a la semana<br \/>\n2 d\u00edas a la semana<br \/>\n(sesiones de 1,5 horas)<br \/>\n<strong>NIVEL<\/strong><br \/>\nIniciaci\u00f3n<br \/>\nPerfeccionamiento<br \/>\nAvanzado<br \/>\n<strong>HORARIOS<\/strong><br \/>\nLunes a jueves: 19.30 y 20.30<\/p>\n<p><strong>PRECIOS<\/strong><br \/>\n65\u20ac 1 d\u00eda de clase a la semana + cuota de socio para poder venir ilimitadamente por libre.<br \/>\n75\u20ac 2 d\u00edas de clase a la semana &#8211; incluye cuota de socio para poder venir ilimitadamente por libre.<\/p>\n<p>40\u20ac 1 d\u00eda de clase a la semana (sin socio)<\/p>\n<p>55\u20ac 1 d\u00eda de clase a la semana (sin socio)<\/p>\n<p>[\/vc_column_text][vc_empty_space]<a href=\"https:\/\/bulderplanet.com\/valles\/inscribete\/\" target=\"_self\" style=\"background-color: #ffeb00\" class=\"edgtf-btn edgtf-btn-large edgtf-btn-solid edgtf-btn-custom-hover-bg edgtf-btn-custom-hover-color\" data-hover-bg-color=\"#6e92b6\" data-hover-color=\"#ffffff\" >\n\t\t\t<span class=\"edgtf-btn-text\">INSCR\u00cdBETE<\/span>\n\t    <\/a>\t\t<\/div>\n\t<\/div>\n<\/div><div class=\"edgtf-elements-holder-item \" data-item-class=\"edgtf-elements-holder-custom-117033\" >\n\t\t<div class=\"edgtf-elements-holder-item-inner\">\n\t\t<div class=\"edgtf-elements-holder-item-content edgtf-elements-holder-custom-117033\" >\n\t\t\t<div class=\"edgtf-image-gallery\">\n\t<div class=\"edgtf-image-gallery-grid edgtf-gallery-columns-2 edgtf-gallery-no-space edgtf-gallery-prettyphoto clearfix\" >\n\t\t\t\t\t<div class=\"edgtf-gallery-image\">\n\t\t\t\t\t\t\t\t\t<a href=\"https:\/\/bulderplanet.com\/valles\/wp-content\/uploads\/2019\/11\/grupo1.png\" data-rel=\"prettyPhoto[single_pretty_photo]\" title=\"grupo1\">\n\t\t\t\t\t\t\t\t\t\t\t\t\t\t\t<img width=\"300\" height=\"203\" src=\"https:\/\/bulderplanet.com\/valles\/wp-content\/uploads\/2019\/11\/grupo1-300x203.png\" class=\"attachment-medium size-medium\" alt=\"\" loading=\"lazy\" srcset=\"https:\/\/bulderplanet.com\/valles\/wp-content\/uploads\/2019\/11\/grupo1-300x203.png 300w, https:\/\/bulderplanet.com\/valles\/wp-content\/uploads\/2019\/11\/grupo1.png 704w\" sizes=\"(max-width: 300px) 100vw, 300px\" \/>\t\t\t\t\t                                           <span class=\"edgtf-pp-icon icon_plus\"><\/span>\n                    \t\t\t\t\t\t\t\t\t\t\t<\/a>\n\t\t\t\t\t\t\t\t<\/div>\n\t\t\t\t\t<div class=\"edgtf-gallery-image\">\n\t\t\t\t\t\t\t\t\t<a href=\"https:\/\/bulderplanet.com\/valles\/wp-content\/uploads\/2019\/11\/grupo2.png\" data-rel=\"prettyPhoto[single_pretty_photo]\" title=\"grupo2\">\n\t\t\t\t\t\t\t\t\t\t\t\t\t\t\t<img width=\"300\" height=\"203\" src=\"https:\/\/bulderplanet.com\/valles\/wp-content\/uploads\/2019\/11\/grupo2-300x203.png\" class=\"attachment-medium size-medium\" alt=\"\" loading=\"lazy\" srcset=\"https:\/\/bulderplanet.com\/valles\/wp-content\/uploads\/2019\/11\/grupo2-300x203.png 300w, https:\/\/bulderplanet.com\/valles\/wp-content\/uploads\/2019\/11\/grupo2.png 704w\" sizes=\"(max-width: 300px) 100vw, 300px\" \/>\t\t\t\t\t                                           <span class=\"edgtf-pp-icon icon_plus\"><\/span>\n                    \t\t\t\t\t\t\t\t\t\t\t<\/a>\n\t\t\t\t\t\t\t\t<\/div>\n\t\t\t\t\t<div class=\"edgtf-gallery-image\">\n\t\t\t\t\t\t\t\t\t<a href=\"https:\/\/bulderplanet.com\/valles\/wp-content\/uploads\/2019\/11\/grupo3.png\" data-rel=\"prettyPhoto[single_pretty_photo]\" title=\"grupo3\">\n\t\t\t\t\t\t\t\t\t\t\t\t\t\t\t<img width=\"300\" height=\"203\" src=\"https:\/\/bulderplanet.com\/valles\/wp-content\/uploads\/2019\/11\/grupo3-300x203.png\" class=\"attachment-medium size-medium\" alt=\"\" loading=\"lazy\" srcset=\"https:\/\/bulderplanet.com\/valles\/wp-content\/uploads\/2019\/11\/grupo3-300x203.png 300w, https:\/\/bulderplanet.com\/valles\/wp-content\/uploads\/2019\/11\/grupo3.png 704w\" sizes=\"(max-width: 300px) 100vw, 300px\" \/>\t\t\t\t\t                                           <span class=\"edgtf-pp-icon icon_plus\"><\/span>\n                    \t\t\t\t\t\t\t\t\t\t\t<\/a>\n\t\t\t\t\t\t\t\t<\/div>\n\t\t\t<\/div>\n<\/div>\t\t<\/div>\n\t<\/div>\n<\/div><\/div>[\/vc_column][\/vc_row]<\/p>\n","protected":false},"excerpt":{"rendered":"<p>[vc_row content_width=&#8221;grid&#8221; angled_shape=&#8221;yes&#8221; css=&#8221;.vc_custom_1553253665740{padding-top: 100px !important;padding-bottom: 100px !important;}&#8221;][vc_column][\/vc_column][\/vc_row][vc_row content_width=&#8221;grid&#8221; css=&#8221;.vc_custom_1573139865014{padding-top: 100px !important;padding-bottom: 100px !important;background-color: #f4f4f4 !important;}&#8221; el_id=&#8221;grupos&#8221;][vc_column][\/vc_column][\/vc_row]<\/p>\n","protected":false},"author":2,"featured_media":0,"parent":0,"menu_order":0,"comment_status":"closed","ping_status":"closed","template":"full-width.php","meta":[],"yoast_head":"<!-- This site is optimized with the Yoast SEO plugin v15.7 - https:\/\/yoast.com\/wordpress\/plugins\/seo\/ -->\n<title>Grupos - BulderPlanet<\/title>\n<meta name=\"robots\" content=\"index, follow, max-snippet:-1, max-image-preview:large, max-video-preview:-1\" \/>\n<link rel=\"canonical\" href=\"https:\/\/bulderplanet.com\/valles\/entrenamientos\/\" \/>\n<meta property=\"og:locale\" content=\"es_ES\" \/>\n<meta property=\"og:type\" content=\"article\" \/>\n<meta property=\"og:title\" content=\"Grupos - BulderPlanet\" \/>\n<meta property=\"og:description\" content=\"[vc_row content_width=&#8221;grid&#8221; angled_shape=&#8221;yes&#8221; css=&#8221;.vc_custom_1553253665740{padding-top: 100px !important;padding-bottom: 100px !important;}&#8221;][vc_column][\/vc_column][\/vc_row][vc_row content_width=&#8221;grid&#8221; css=&#8221;.vc_custom_1573139865014{padding-top: 100px !important;padding-bottom: 100px !important;background-color: #f4f4f4 !important;}&#8221; el_id=&#8221;grupos&#8221;][vc_column][\/vc_column][\/vc_row]\" \/>\n<meta property=\"og:url\" content=\"https:\/\/bulderplanet.com\/valles\/entrenamientos\/\" \/>\n<meta property=\"og:site_name\" content=\"BulderPlanet\" \/>\n<meta property=\"article:modified_time\" content=\"2024-05-07T11:53:40+00:00\" \/>\n<meta name=\"twitter:card\" content=\"summary_large_image\" \/>\n<meta name=\"twitter:label1\" content=\"Tiempo de lectura\">\n\t<meta name=\"twitter:data1\" content=\"1 minuto\">\n<script type=\"application\/ld+json\" class=\"yoast-schema-graph\">{\"@context\":\"https:\/\/schema.org\",\"@graph\":[{\"@type\":\"WebSite\",\"@id\":\"https:\/\/bulderplanet.com\/valles\/#website\",\"url\":\"https:\/\/bulderplanet.com\/valles\/\",\"name\":\"BulderPlanet\",\"description\":\"Roc\\u00f3dromo Vall\\u00e9s\",\"potentialAction\":[{\"@type\":\"SearchAction\",\"target\":\"https:\/\/bulderplanet.com\/valles\/?s={search_term_string}\",\"query-input\":\"required name=search_term_string\"}],\"inLanguage\":\"es\"},{\"@type\":\"WebPage\",\"@id\":\"https:\/\/bulderplanet.com\/valles\/entrenamientos\/#webpage\",\"url\":\"https:\/\/bulderplanet.com\/valles\/entrenamientos\/\",\"name\":\"Grupos - BulderPlanet\",\"isPartOf\":{\"@id\":\"https:\/\/bulderplanet.com\/valles\/#website\"},\"datePublished\":\"2019-03-22T10:18:37+00:00\",\"dateModified\":\"2024-05-07T11:53:40+00:00\",\"inLanguage\":\"es\",\"potentialAction\":[{\"@type\":\"ReadAction\",\"target\":[\"https:\/\/bulderplanet.com\/valles\/entrenamientos\/\"]}]}]}<\/script>\n<!-- \/ Yoast SEO plugin. -->","_links":{"self":[{"href":"https:\/\/bulderplanet.com\/valles\/wp-json\/wp\/v2\/pages\/7565"}],"collection":[{"href":"https:\/\/bulderplanet.com\/valles\/wp-json\/wp\/v2\/pages"}],"about":[{"href":"https:\/\/bulderplanet.com\/valles\/wp-json\/wp\/v2\/types\/page"}],"author":[{"embeddable":true,"href":"https:\/\/bulderplanet.com\/valles\/wp-json\/wp\/v2\/users\/2"}],"replies":[{"embeddable":true,"href":"https:\/\/bulderplanet.com\/valles\/wp-json\/wp\/v2\/comments?post=7565"}],"version-history":[{"count":53,"href":"https:\/\/bulderplanet.com\/valles\/wp-json\/wp\/v2\/pages\/7565\/revisions"}],"predecessor-version":[{"id":44542,"href":"https:\/\/bulderplanet.com\/valles\/wp-json\/wp\/v2\/pages\/7565\/revisions\/44542"}],"wp:attachment":[{"href":"https:\/\/bulderplanet.com\/valles\/wp-json\/wp\/v2\/media?parent=7565"}],"curies":[{"name":"wp","href":"https:\/\/api.w.org\/{rel}","templated":true}]}}