{"id":7612,"date":"2019-03-22T13:08:06","date_gmt":"2019-03-22T12:08:06","guid":{"rendered":"https:\/\/bulderplanet.com\/valles\/v19\/?page_id=7612"},"modified":"2022-11-08T12:46:39","modified_gmt":"2022-11-08T11:46:39","slug":"outdoor","status":"publish","type":"page","link":"https:\/\/bulderplanet.com\/valles\/outdoor\/","title":{"rendered":"Outdoor"},"content":{"rendered":"<p>[vc_row content_width=&#8221;grid&#8221; angled_shape=&#8221;yes&#8221; css=&#8221;.vc_custom_1553256715715{padding-top: 100px !important;padding-bottom: 100px !important;}&#8221;][vc_column]<div class=\"edgtf-elements-holder edgtf-two-columns edgtf-two-columns-50-50 edgtf-responsive-mode-768\" ><div class=\"edgtf-elements-holder-item \" data-item-class=\"edgtf-elements-holder-custom-259204\" >\n\t\t<div class=\"edgtf-elements-holder-item-inner\">\n\t\t<div class=\"edgtf-elements-holder-item-content edgtf-elements-holder-custom-259204\" >\n\t\t\t[vc_column_text]La escalada se empez\u00f3 a practicar en la naturaleza, en las monta\u00f1as y para muchos escaladores sigue siendo el lugar donde realmente disfrutan de su pasi\u00f3n.<\/p>\n<p>En Bulder Planet tambi\u00e9n ofrecemos la posibilidad de realizar cursos de escalada en la monta\u00f1a (\u201croca\u201d). Tanto si quieres un primer contacto, perfeccionar tu nivel actual o aprender otras disciplinas de escalada como la v\u00eda larga y tradicional.<\/p>\n<p>CONTACTANOS EN EL outdoor@bulderplanet.com para CONSULTAR DISPONIBILIDAD, FECHAS Y GRUPOS[\/vc_column_text][vc_empty_space height=&#8221;50px&#8221;]<div class=\"edgtf-iwt clearfix edgtf-iwt-icon-top edgtf-iwt-flip-enabled-no edgtf-iwt-icon-medium\">\n    <div class=\"edgtf-iwt-icon-holder\" >\n                    \n    <span class=\"edgtf-icon-shortcode normal edgtf-icon-medium\"  data-hover-color=\"#ffeb00\" data-color=\"#ffeb00\">\n                    <a href=\"https:\/\/bulderplanet.com\/valles\/outdoor\/#iniVias\" target=\"_self\" >\n        \n        <i class=\"edgtf-icon-font-awesome fa fa-arrow-circle-down edgtf-icon-element\" style=\"color: #ffeb00\" ><\/i>\n                    <\/a>\n            <\/span>\n\n            <\/div>\n    <div class=\"edgtf-iwt-content-holder\" >\n        <div class=\"edgtf-iwt-title-holder\">\n            <h5 >M\u00e1s info<\/h5>\n        <\/div>\n        <div class=\"edgtf-iwt-text-holder\">\n            <p ><\/p>\n\n                    <\/div>\n    <\/div>\n<\/div>\t\t<\/div>\n\t<\/div>\n<\/div><div class=\"edgtf-elements-holder-item \" data-item-class=\"edgtf-elements-holder-custom-530274\" >\n\t\t<div class=\"edgtf-elements-holder-item-inner\">\n\t\t<div class=\"edgtf-elements-holder-item-content edgtf-elements-holder-custom-530274\" >\n\t\t\t[vc_single_image image=&#8221;8908&#8243; img_size=&#8221;full&#8221;]\t\t<\/div>\n\t<\/div>\n<\/div><\/div>[\/vc_column][\/vc_row][vc_row content_width=&#8221;grid&#8221; css=&#8221;.vc_custom_1573139700240{padding-top: 150px !important;padding-bottom: 100px !important;background-color: #f4f4f4 !important;}&#8221; el_id=&#8221;iniVias&#8221;][vc_column]<div class=\"edgtf-elements-holder edgtf-three-columns edgtf-responsive-mode-768\" ><div class=\"edgtf-elements-holder-item edgtf-vertical-alignment-top\" data-item-class=\"edgtf-elements-holder-custom-507091\" >\n\t\t<div class=\"edgtf-elements-holder-item-inner\">\n\t\t<div class=\"edgtf-elements-holder-item-content edgtf-elements-holder-custom-507091\" >\n\t\t\t\n<div class=\"edgtf-section-title edgtf-section-align-left\" >\n\tIniciaci\u00f3n\t<\/div>[vc_column_text]<strong>ESCALADA DEPORTIVA EN ROCA<\/strong><br \/>\n<span class=\"s1\">Con este curso queremos acompa\u00f1arte en tu primer contacto con la escalada en el medio natural. El objetivo principal es conocer el material espec\u00edfico, el encordamiento y la din\u00e1mica de progresi\u00f3n y aseguramiento en escalada en top-rope.<\/span><\/p>\n<p class=\"p1\"><span class=\"s1\">A qui\u00e9n va dirigido? A todas aquellas personas que quieran dar el paso del roc\u00f3dromo a la roca y quieran aprender las bases de este deporte.<\/span><\/p>\n<p>[\/vc_column_text]<div class=\"edgtf-separator-holder clearfix  edgtf-separator-left\">\n\t<div class=\"edgtf-separator\" style=\"border-color: #ffeb00\"><\/div>\n<\/div>\n[vc_column_text]<strong>DURACI\u00d3N<\/strong><br \/>\n2 d\u00edas<br \/>\n<strong>NIVEL<\/strong><br \/>\nEl curso est\u00e1 orientado a escaladores y escaladoras de todos los niveles<br \/>\n<strong>FECHAS<\/strong><br \/>\nCont\u00e1ctanos para saber pr\u00f3ximas fechas outdoor@bulderplanet.com<br \/>\n<strong>PRECIO<\/strong><br \/>\nCont\u00e1ctanos para solicitar presupuesto outdoor@bulderplanet.com<br \/>\n<strong>El precio incluye<\/strong>:<br \/>\nEl servicio de gu\u00eda y t\u00e9cnico de escalada<br \/>\nEl material espec\u00edfico necesario para realizar la actividad: arneses, cuerdas, casco, etc\u2026<br \/>\nSeguro de accidentes durante la actividad.<br \/>\nEl seguro obligatorio de responsabilidad civil del gu\u00eda<br \/>\n<strong>El precio no incluye<\/strong>:<br \/>\nLos desplazamientos, ni las dietas[\/vc_column_text][vc_empty_space height=&#8221;20px&#8221;]<a href=\"#contactoutdoor\" target=\"_self\" style=\"background-color: #ffeb00\" class=\"edgtf-btn edgtf-btn-large edgtf-btn-solid edgtf-btn-custom-hover-bg edgtf-btn-custom-hover-color\" data-hover-bg-color=\"#6e92b6\" data-hover-color=\"#ffffff\" >\n\t\t\t<span class=\"edgtf-btn-text\">CONT\u00c1CTANOS<\/span>\n\t    <\/a>[vc_single_image image=&#8221;9438&#8243; img_size=&#8221;full&#8221; css=&#8221;.vc_custom_1573644841923{padding-top: 20px !important;padding-bottom: 10px !important;}&#8221;]\t\t<\/div>\n\t<\/div>\n<\/div><div class=\"edgtf-elements-holder-item edgtf-vertical-alignment-top\" data-item-class=\"edgtf-elements-holder-custom-559434\" >\n\t\t<div class=\"edgtf-elements-holder-item-inner\">\n\t\t<div class=\"edgtf-elements-holder-item-content edgtf-elements-holder-custom-559434\" >\n\t\t\t\n<div class=\"edgtf-section-title edgtf-section-align-left\" >\n\tv\u00eda ferrata\t<\/div>[vc_column_text]Con esta propuesta queremos acompa\u00f1aros a una via ferrata y disfrutar de una buena jornada en las alturas. Est\u00e1 enfocada como una salida guiada pero tambi\u00e9n conocereis el material b\u00e1sico y aprender\u00e1s las t\u00e9cnicas b\u00e1sicas de progresi\u00f3n.[\/vc_column_text]<div class=\"edgtf-separator-holder clearfix  edgtf-separator-left\">\n\t<div class=\"edgtf-separator\" style=\"border-color: #ffeb00\"><\/div>\n<\/div>\n[vc_column_text]<strong>DURACI\u00d3N<\/strong><br \/>\nEntre media jornada y jornada completa de salida guiada<br \/>\n<strong>NIVEL<\/strong><br \/>\nTodos los niveles<br \/>\n<strong>FECHAS<\/strong><br \/>\nCont\u00e1ctanos para saber pr\u00f3ximas fechas outdoor@bulderplanet.com<br \/>\n<strong>HORARIOS<\/strong><br \/>\nEl horario puede variar entre media jornada y una jornada completa, dependendo de la ferrata elegida (seg\u00fan \u00e9poca del a\u00f1o) y del n\u00famero y nivel f\u00edsico de los participantes<br \/>\n<strong>PRECIO<\/strong><br \/>\nCont\u00e1ctanos para pedir presupuesto outdoor@bulderplanet.com<br \/>\n<strong>El precio incluye<\/strong>:<br \/>\nEl servicio de gu\u00eda y t\u00e9cnico de escalada<br \/>\nEl material espec\u00edfico necesario para realizar la actividad: arn\u00e9s, casco, disipador<br \/>\nSeguro de accidentes durante la actividad<br \/>\nEl seguro obligatorio de responsabilidad civil del gu\u00eda<br \/>\n<strong>El precio no incluye<\/strong>:<br \/>\nLos desplazamientos, ni las dietas[\/vc_column_text][vc_empty_space height=&#8221;20px&#8221;]<a href=\"#contactoutdoor\" target=\"_self\" style=\"background-color: #ffeb00\" class=\"edgtf-btn edgtf-btn-large edgtf-btn-solid edgtf-btn-custom-hover-bg edgtf-btn-custom-hover-color\" data-hover-bg-color=\"#6e92b6\" data-hover-color=\"#ffffff\" >\n\t\t\t<span class=\"edgtf-btn-text\">CONT\u00c1CTANOS<\/span>\n\t    <\/a>[vc_single_image image=&#8221;9439&#8243; img_size=&#8221;full&#8221; css=&#8221;.vc_custom_1573644860578{padding-top: 20px !important;padding-bottom: 10px !important;}&#8221;]\t\t<\/div>\n\t<\/div>\n<\/div><div class=\"edgtf-elements-holder-item edgtf-vertical-alignment-top\" data-item-class=\"edgtf-elements-holder-custom-907066\" >\n\t\t<div class=\"edgtf-elements-holder-item-inner\">\n\t\t<div class=\"edgtf-elements-holder-item-content edgtf-elements-holder-custom-907066\" >\n\t\t\t\n<div class=\"edgtf-section-title edgtf-section-align-left\" >\n\tV\u00cdA LARGA\t<\/div>[vc_column_text]Este curso est\u00e1 orientado a todos los escaladores y escaladoras que ya practiquen la escalada deportiva y que quieran aprender la din\u00e1mica de de progresi\u00f3n de vias equipadas de m\u00e1s de un largo. Durante el curso aprender\u00e1s todo lo necesario para desenvolverte con seguridad y autonom\u00eda en este tipo de v\u00edas.[\/vc_column_text]<div class=\"edgtf-separator-holder clearfix  edgtf-separator-left\">\n\t<div class=\"edgtf-separator\" style=\"border-color: #ffeb00\"><\/div>\n<\/div>\n[vc_column_text]<strong>DURACI\u00d3N<\/strong><br \/>\n2 jornadas completas en un mismo fin de semana<br \/>\n<strong>NIVEL<\/strong><br \/>\nIniciaci\u00f3n e Intermedio<br \/>\n<strong>FECHAS<\/strong><br \/>\nCont\u00e1ctanos para saber pr\u00f3ximas fechas outdoor@bulderplanet.com<br \/>\n<strong>HORARIOS<\/strong><br \/>\nSesi\u00f3n pr\u00e1ctica s\u00e1bado y domingo jornada completa<br \/>\n<strong>PRECIO<\/strong><br \/>\nCont\u00e1ctanos para pedir presupuesto outdoor@bulderplanet.com<br \/>\n<strong>El precio incluye<\/strong>:<br \/>\nEl servicio de gu\u00eda y t\u00e9cnico de escalada<br \/>\nEl material espec\u00edfico necesario para realizar la actividad: arn\u00e9s, casco, disipador<br \/>\nSeguro de accidentes durante la actividad<br \/>\nEl seguro obligatorio de responsabilidad civil del gu\u00eda<br \/>\n<strong>El precio no incluye<\/strong>:<br \/>\nLos desplazamientos, ni las dietas[\/vc_column_text][vc_empty_space height=&#8221;20px&#8221;]<a href=\"#contactoutdoor\" target=\"_self\" style=\"background-color: #ffeb00\" class=\"edgtf-btn edgtf-btn-large edgtf-btn-solid edgtf-btn-custom-hover-bg edgtf-btn-custom-hover-color\" data-hover-bg-color=\"#6e92b6\" data-hover-color=\"#ffffff\" >\n\t\t\t<span class=\"edgtf-btn-text\">CONT\u00c1CTANOS<\/span>\n\t    <\/a>[vc_single_image image=&#8221;9440&#8243; img_size=&#8221;medium&#8221; css=&#8221;.vc_custom_1573644998688{padding-top: 20px !important;}&#8221;]\t\t<\/div>\n\t<\/div>\n<\/div><\/div>[\/vc_column][\/vc_row][vc_row el_id=&#8221;contactoutdoor&#8221; css=&#8221;.vc_custom_1644251595000{padding-top: 50px !important;}&#8221;][vc_column]<div class=\"edgtf-elements-holder edgtf-responsive-mode-768\" ><div class=\"edgtf-elements-holder-item edgtf-vertical-alignment-top\" data-item-class=\"edgtf-elements-holder-custom-456337\" >\n\t\t<div class=\"edgtf-elements-holder-item-inner\">\n\t\t<div class=\"edgtf-elements-holder-item-content edgtf-elements-holder-custom-456337\" >\n\t\t\t\n<div class=\"edgtf-section-title edgtf-section-align-left\" >\n\tPIDE M\u00c1S INFORMACI\u00d3N\t<\/div><div class=\"edgtf-separator-holder clearfix  edgtf-separator-left\">\n\t<div class=\"edgtf-separator\" style=\"border-color: #ffeb00\"><\/div>\n<\/div>\n\n                <div class='gf_browser_gecko gform_wrapper' id='gform_wrapper_7' ><form method='post' enctype='multipart\/form-data'  id='gform_7'  action='\/valles\/wp-json\/wp\/v2\/pages\/7612'>\n                        <div class='gform_body'><ul id='gform_fields_7' class='gform_fields top_label form_sublabel_below description_below'><li id='field_7_1'  class='gfield gf_left_third nolabel gfield_contains_required field_sublabel_below field_description_below gfield_visibility_visible' ><label class='gfield_label' for='input_7_1' >Nombre y apellidos<span class='gfield_required'>*<\/span><\/label><div class='ginput_container ginput_container_text'><input name='input_1' id='input_7_1' type='text' value='' class='large'    placeholder='Nombre y apellidos *' aria-required=\"true\" aria-invalid=\"false\" \/><\/div><\/li><li id='field_7_2'  class='gfield gf_middle_third nolabel gfield_contains_required field_sublabel_below field_description_below gfield_visibility_visible' ><label class='gfield_label' for='input_7_2' >E-mail<span class='gfield_required'>*<\/span><\/label><div class='ginput_container ginput_container_email'>\n                            <input name='input_2' id='input_7_2' type='text' value='' class='large'   placeholder='Tu direcci\u00f3n de correo electr\u00f3nico *' aria-required=\"true\" aria-invalid=\"false\" \/>\n                        <\/div><\/li><li id='field_7_4'  class='gfield gf_right_third nolabel gfield_contains_required field_sublabel_below field_description_below gfield_visibility_visible' ><label class='gfield_label' for='input_7_4' >Tel\u00e9fono<span class='gfield_required'>*<\/span><\/label><div class='ginput_container ginput_container_phone'><input name='input_4' id='input_7_4' type='text' value='' class='large'  placeholder='Tel\u00e9fono *' aria-required=\"true\" aria-invalid=\"false\"  \/><\/div><\/li><li id='field_7_3'  class='gfield nolabel gfield_contains_required field_sublabel_below field_description_below gfield_visibility_visible' ><label class='gfield_label' for='input_7_3' >Mensaje<span class='gfield_required'>*<\/span><\/label><div class='ginput_container ginput_container_textarea'><textarea name='input_3' id='input_7_3' class='textarea medium'    placeholder='Escribe tu mensaje... *' aria-required=\"true\" aria-invalid=\"false\"   rows='10' cols='50'><\/textarea><\/div><\/li><li id='field_7_5'  class='gfield gfield_contains_required field_sublabel_below field_description_below gfield_visibility_visible' ><label class='gfield_label'  >Consentimiento<span class='gfield_required'>*<\/span><\/label><div class='ginput_container ginput_container_consent'><input name='input_5.1' id='input_7_5_1' type='checkbox' value='1'   aria-required=\"true\" aria-invalid=\"false\"   \/> <label class=\"gfield_consent_label\" for='input_7_5_1' >Estoy de acuerdo con la <a href=\"https:\/\/bulderplanet.com\/valles\/politica-privacidad\/\">pol\u00edtica de privacidad.<\/a><\/label><input type='hidden' name='input_5.2' value='Estoy de acuerdo con la &lt;a href=&quot;https:\/\/bulderplanet.com\/valles\/politica-privacidad\/&quot;&gt;pol\u00edtica de privacidad.&lt;\/a&gt;' class='gform_hidden' \/><input type='hidden' name='input_5.3' value='2' class='gform_hidden' \/><\/div><\/li>\n                            <\/ul><\/div>\n        <div class='gform_footer top_label'> <input type='submit' id='gform_submit_button_7' class='gform_button button' value='Enviar'  onclick='if(window[\"gf_submitting_7\"]){return false;}  window[\"gf_submitting_7\"]=true;  ' onkeypress='if( event.keyCode == 13 ){ if(window[\"gf_submitting_7\"]){return false;} window[\"gf_submitting_7\"]=true;  jQuery(\"#gform_7\").trigger(\"submit\",[true]); }' \/> \n            <input type='hidden' class='gform_hidden' name='is_submit_7' value='1' \/>\n            <input type='hidden' class='gform_hidden' name='gform_submit' value='7' \/>\n            \n            <input type='hidden' class='gform_hidden' name='gform_unique_id' value='' \/>\n            <input type='hidden' class='gform_hidden' name='state_7' value='WyJ7XCI1LjFcIjpcImNmNTMyMzliNzM0YTkwMTlmNTZkMTBiODhjNDFkYWY1XCIsXCI1LjJcIjpcIjU2MjU1OGI5MzkzOWIyMDBjNTRiMGEwYmZkODBhOWRhXCIsXCI1LjNcIjpcImE2ZTZjODFiY2Y3MTJlNTdlZjExOWE2OTBlNDI2ZWZlXCJ9IiwiYWJjMDEyYWY5OWViNWNmNDQ0NTMxOGU1ZmVjYjRlMzEiXQ==' \/>\n            <input type='hidden' class='gform_hidden' name='gform_target_page_number_7' id='gform_target_page_number_7' value='0' \/>\n            <input type='hidden' class='gform_hidden' name='gform_source_page_number_7' id='gform_source_page_number_7' value='1' \/>\n            <input type='hidden' name='gform_field_values' value='' \/>\n            \n        <\/div>\n                        <\/form>\n                        <\/div><script type='text\/javascript'> jQuery(document).bind('gform_post_render', function(event, formId, currentPage){if(formId == 7) {if(typeof Placeholders != 'undefined'){\n                        Placeholders.enable();\n                    }} } );jQuery(document).bind('gform_post_conditional_logic', function(event, formId, fields, isInit){} );<\/script><script type='text\/javascript'> jQuery(document).ready(function(){jQuery(document).trigger('gform_post_render', [7, 1]) } ); <\/script>\t\t<\/div>\n\t<\/div>\n<\/div><\/div>[\/vc_column][\/vc_row]<\/p>\n","protected":false},"excerpt":{"rendered":"<p>[vc_row content_width=&#8221;grid&#8221; angled_shape=&#8221;yes&#8221; css=&#8221;.vc_custom_1553256715715{padding-top: 100px !important;padding-bottom: 100px !important;}&#8221;][vc_column][\/vc_column][\/vc_row][vc_row content_width=&#8221;grid&#8221; css=&#8221;.vc_custom_1573139700240{padding-top: 150px !important;padding-bottom: 100px !important;background-color: #f4f4f4 !important;}&#8221; el_id=&#8221;iniVias&#8221;][vc_column][\/vc_column][\/vc_row][vc_row el_id=&#8221;contactoutdoor&#8221; css=&#8221;.vc_custom_1644251595000{padding-top: 50px !important;}&#8221;][vc_column][\/vc_column][\/vc_row]<\/p>\n","protected":false},"author":2,"featured_media":0,"parent":0,"menu_order":0,"comment_status":"closed","ping_status":"closed","template":"full-width.php","meta":[],"yoast_head":"<!-- This site is optimized with the Yoast SEO plugin v15.7 - https:\/\/yoast.com\/wordpress\/plugins\/seo\/ -->\n<title>Outdoor - BulderPlanet<\/title>\n<meta name=\"robots\" content=\"index, follow, max-snippet:-1, max-image-preview:large, max-video-preview:-1\" \/>\n<link rel=\"canonical\" href=\"https:\/\/bulderplanet.com\/valles\/outdoor\/\" \/>\n<meta property=\"og:locale\" content=\"es_ES\" \/>\n<meta property=\"og:type\" content=\"article\" \/>\n<meta property=\"og:title\" content=\"Outdoor - BulderPlanet\" \/>\n<meta property=\"og:description\" content=\"[vc_row content_width=&#8221;grid&#8221; angled_shape=&#8221;yes&#8221; css=&#8221;.vc_custom_1553256715715{padding-top: 100px !important;padding-bottom: 100px !important;}&#8221;][vc_column][\/vc_column][\/vc_row][vc_row content_width=&#8221;grid&#8221; css=&#8221;.vc_custom_1573139700240{padding-top: 150px !important;padding-bottom: 100px !important;background-color: #f4f4f4 !important;}&#8221; el_id=&#8221;iniVias&#8221;][vc_column][\/vc_column][\/vc_row][vc_row el_id=&#8221;contactoutdoor&#8221; css=&#8221;.vc_custom_1644251595000{padding-top: 50px !important;}&#8221;][vc_column][\/vc_column][\/vc_row]\" \/>\n<meta property=\"og:url\" content=\"https:\/\/bulderplanet.com\/valles\/outdoor\/\" \/>\n<meta property=\"og:site_name\" content=\"BulderPlanet\" \/>\n<meta property=\"article:modified_time\" content=\"2022-11-08T11:46:39+00:00\" \/>\n<meta name=\"twitter:card\" content=\"summary_large_image\" \/>\n<meta name=\"twitter:label1\" content=\"Tiempo de lectura\">\n\t<meta name=\"twitter:data1\" content=\"3 minutos\">\n<script type=\"application\/ld+json\" class=\"yoast-schema-graph\">{\"@context\":\"https:\/\/schema.org\",\"@graph\":[{\"@type\":\"WebSite\",\"@id\":\"https:\/\/bulderplanet.com\/valles\/#website\",\"url\":\"https:\/\/bulderplanet.com\/valles\/\",\"name\":\"BulderPlanet\",\"description\":\"Roc\\u00f3dromo Vall\\u00e9s\",\"potentialAction\":[{\"@type\":\"SearchAction\",\"target\":\"https:\/\/bulderplanet.com\/valles\/?s={search_term_string}\",\"query-input\":\"required name=search_term_string\"}],\"inLanguage\":\"es\"},{\"@type\":\"WebPage\",\"@id\":\"https:\/\/bulderplanet.com\/valles\/outdoor\/#webpage\",\"url\":\"https:\/\/bulderplanet.com\/valles\/outdoor\/\",\"name\":\"Outdoor - BulderPlanet\",\"isPartOf\":{\"@id\":\"https:\/\/bulderplanet.com\/valles\/#website\"},\"datePublished\":\"2019-03-22T12:08:06+00:00\",\"dateModified\":\"2022-11-08T11:46:39+00:00\",\"inLanguage\":\"es\",\"potentialAction\":[{\"@type\":\"ReadAction\",\"target\":[\"https:\/\/bulderplanet.com\/valles\/outdoor\/\"]}]}]}<\/script>\n<!-- \/ Yoast SEO plugin. -->","_links":{"self":[{"href":"https:\/\/bulderplanet.com\/valles\/wp-json\/wp\/v2\/pages\/7612"}],"collection":[{"href":"https:\/\/bulderplanet.com\/valles\/wp-json\/wp\/v2\/pages"}],"about":[{"href":"https:\/\/bulderplanet.com\/valles\/wp-json\/wp\/v2\/types\/page"}],"author":[{"embeddable":true,"href":"https:\/\/bulderplanet.com\/valles\/wp-json\/wp\/v2\/users\/2"}],"replies":[{"embeddable":true,"href":"https:\/\/bulderplanet.com\/valles\/wp-json\/wp\/v2\/comments?post=7612"}],"version-history":[{"count":115,"href":"https:\/\/bulderplanet.com\/valles\/wp-json\/wp\/v2\/pages\/7612\/revisions"}],"predecessor-version":[{"id":44500,"href":"https:\/\/bulderplanet.com\/valles\/wp-json\/wp\/v2\/pages\/7612\/revisions\/44500"}],"wp:attachment":[{"href":"https:\/\/bulderplanet.com\/valles\/wp-json\/wp\/v2\/media?parent=7612"}],"curies":[{"name":"wp","href":"https:\/\/api.w.org\/{rel}","templated":true}]}}