{"id":8217,"date":"2019-04-08T18:47:53","date_gmt":"2019-04-08T16:47:53","guid":{"rendered":"https:\/\/bulderplanet.com\/valles\/v19\/?page_id=8217"},"modified":"2022-11-30T11:36:56","modified_gmt":"2022-11-30T10:36:56","slug":"como-funciona-el-rocodromo","status":"publish","type":"page","link":"https:\/\/bulderplanet.com\/valles\/como-funciona-el-rocodromo\/","title":{"rendered":"Como funciona el roc\u00f3dromo"},"content":{"rendered":"<p>[vc_row content_width=&#8221;grid&#8221; angled_shape=&#8221;yes&#8221; css=&#8221;.vc_custom_1560262957851{padding-top: 100px !important;padding-bottom: 100px !important;}&#8221;][vc_column]<div class=\"edgtf-elements-holder edgtf-two-columns edgtf-two-columns-50-50 edgtf-responsive-mode-768\" ><div class=\"edgtf-elements-holder-item \" data-item-class=\"edgtf-elements-holder-custom-169493\" >\n\t\t<div class=\"edgtf-elements-holder-item-inner\">\n\t\t<div class=\"edgtf-elements-holder-item-content edgtf-elements-holder-custom-169493\" >\n\t\t\t[vc_column_text]<strong>Las v\u00edas de escalada se montan con \u201cpresas\u201d<\/strong> que se colocan en los muros para que puedas escalar. Estas presas &#8220;imitan&#8221; los tipos de agarres que nos encontrar\u00edamos cuando escalamos en la roca.<\/p>\n<p><strong>Puedes saber la dificultad de cada v\u00eda gracias a unas plaquetas\u00a0numeradas de 1 a 10 que encontrar\u00e1s al principio de cada v\u00eda. <\/strong><\/p>\n<p>La distribuci\u00f3n de dificultades es la siguiente:<\/p>\n<ul>\n<li><strong>INICIACI\u00d3N<\/strong>: niveles 1 y 2.<\/li>\n<li><strong>F\u00c1CIL<\/strong>: niveles 3 y 4.<\/li>\n<li><strong>INTERMEDIO<\/strong>: niveles 5 y 6.<\/li>\n<li><strong>DIFICIL<\/strong>: niveles 7 y 8.<\/li>\n<li><strong>MUY DIFICIL<\/strong>: niveles 9 y 10.<\/li>\n<\/ul>\n<p>Con este sistema de dificultades nos aseguramos de tener v\u00edas de todas las dificultades en todas las zonas del roc\u00f3dromo y adem\u00e1s de que sea muy f\u00e1cil de entender y usar la sala de escalada.<\/p>\n<p>Aunque no tengas ninguna experiencia como escalador, el primer d\u00eda puedes hacer much\u00edsimas v\u00edas y pasar un buen rato.<\/p>\n<p>Para m\u00e1s informaci\u00f3n consulta nuestras <strong>Normas de Uso<\/strong>\u00a0del Roc\u00f3dromo y <strong>Buenas Practicas.<\/strong>[\/vc_column_text][vc_empty_space height=&#8221;10px&#8221;]<a href=\"https:\/\/bulderplanet.com\/valles\/wp-content\/uploads\/2019\/06\/cartel-buenas-practicascat.pdf\" target=\"_self\" style=\"color: #ffffff;background-color: #6e92b6\" class=\"edgtf-btn edgtf-btn-large edgtf-btn-solid edgtf-btn-custom-hover-bg edgtf-btn-custom-hover-color\" data-hover-bg-color=\"#ffeb00\" data-hover-color=\"#ffffff\" >\n\t\t\t<span class=\"edgtf-btn-text\">BUENAS PR\u00c1CTICAS<\/span>\n\t    <\/a><a href=\"https:\/\/bulderplanet.com\/valles\/wp-content\/uploads\/2019\/10\/inromaci\u00f3-utlitizaci\u00f3-roc\u00f2drom.pdf\" target=\"_self\" style=\"color: #ffffff;background-color: #ffeb00\" class=\"edgtf-btn edgtf-btn-large edgtf-btn-solid edgtf-btn-custom-hover-bg edgtf-btn-custom-hover-color\" data-hover-bg-color=\"#6e92b6\" data-hover-color=\"#ffffff\" >\n\t\t\t<span class=\"edgtf-btn-text\">NORMAS DE USO<\/span>\n\t    <\/a>[vc_empty_space height=&#8221;50px&#8221;]<div class=\"edgtf-iwt clearfix edgtf-iwt-icon-top edgtf-iwt-flip-enabled-no edgtf-iwt-icon-medium\">\n    <div class=\"edgtf-iwt-icon-holder\" >\n                    \n    <span class=\"edgtf-icon-shortcode normal edgtf-icon-medium\"  data-hover-color=\"#ffeb00\" data-color=\"#ffeb00\">\n                    <a href=\"https:\/\/bulderplanet.com\/valles\/como-funciona-el-rocodromo#funciona\" target=\"_self\" >\n        \n        <i class=\"edgtf-icon-font-awesome fa fa-arrow-circle-down edgtf-icon-element\" style=\"color: #ffeb00\" ><\/i>\n                    <\/a>\n            <\/span>\n\n            <\/div>\n    <div class=\"edgtf-iwt-content-holder\" >\n        <div class=\"edgtf-iwt-title-holder\">\n            <h5 >M\u00e1s info<\/h5>\n        <\/div>\n        <div class=\"edgtf-iwt-text-holder\">\n            <p ><\/p>\n\n                    <\/div>\n    <\/div>\n<\/div>\t\t<\/div>\n\t<\/div>\n<\/div><div class=\"edgtf-elements-holder-item \" data-item-class=\"edgtf-elements-holder-custom-164805\" >\n\t\t<div class=\"edgtf-elements-holder-item-inner\">\n\t\t<div class=\"edgtf-elements-holder-item-content edgtf-elements-holder-custom-164805\" >\n\t\t\t[vc_single_image image=&#8221;44645&#8243; img_size=&#8221;full&#8221;]\t\t<\/div>\n\t<\/div>\n<\/div><\/div>[\/vc_column][\/vc_row][vc_row content_width=&#8221;grid&#8221; css=&#8221;.vc_custom_1575455707319{padding-top: 150px !important;background-color: #f4f4f4 !important;}&#8221; el_id=&#8221;funciona&#8221;][vc_column]<div class=\"edgtf-elements-holder edgtf-four-columns edgtf-responsive-mode-768\" ><div class=\"edgtf-elements-holder-item \" data-item-class=\"edgtf-elements-holder-custom-703309\" >\n\t\t<div class=\"edgtf-elements-holder-item-inner\">\n\t\t<div class=\"edgtf-elements-holder-item-content edgtf-elements-holder-custom-703309\" >\n\t\t\t\n<div class=\"edgtf-section-title edgtf-section-align-left\" >\n\tINICIO\t<\/div><div class=\"edgtf-separator-holder clearfix  edgtf-separator-left\">\n\t<div class=\"edgtf-separator\" style=\"border-color: #ffeb00\"><\/div>\n<\/div>\n[vc_column_text]El \u201cinicio\u201d de cada v\u00eda se indica con un tap\u00f3n blanco en el centro de la presa y la \u00faltima presa (normalmente la de m\u00e1s arriba) es el \u201ctop\u201d o final de la via.[\/vc_column_text]\t\t<\/div>\n\t<\/div>\n<\/div><div class=\"edgtf-elements-holder-item edgtf-vertical-alignment-top\" data-item-class=\"edgtf-elements-holder-custom-986603\" >\n\t\t<div class=\"edgtf-elements-holder-item-inner\">\n\t\t<div class=\"edgtf-elements-holder-item-content edgtf-elements-holder-custom-986603\" >\n\t\t\t[vc_single_image image=&#8221;9399&#8243; img_size=&#8221;full&#8221;]\t\t<\/div>\n\t<\/div>\n<\/div><div class=\"edgtf-elements-holder-item \" data-item-class=\"edgtf-elements-holder-custom-317289\" >\n\t\t<div class=\"edgtf-elements-holder-item-inner\">\n\t\t<div class=\"edgtf-elements-holder-item-content edgtf-elements-holder-custom-317289\" >\n\t\t\t\n<div class=\"edgtf-section-title edgtf-section-align-left\" >\n\tHacer una v\u00eda\t<\/div><div class=\"edgtf-separator-holder clearfix  edgtf-separator-left\">\n\t<div class=\"edgtf-separator\" style=\"border-color: #ffeb00\"><\/div>\n<\/div>\n[vc_column_text]Para hacer una v\u00eda s\u00f3lo puedes utilizar las presas del color que hayas elegido tanto con las manos como con los pies.<\/p>\n<p>Si hay alg\u00fan volumen de madera lo puedes coger o pisar. Los vol\u00famenes valen siempre para todas las v\u00edas.[\/vc_column_text]\t\t<\/div>\n\t<\/div>\n<\/div><div class=\"edgtf-elements-holder-item edgtf-vertical-alignment-top\" data-item-class=\"edgtf-elements-holder-custom-495749\" >\n\t\t<div class=\"edgtf-elements-holder-item-inner\">\n\t\t<div class=\"edgtf-elements-holder-item-content edgtf-elements-holder-custom-495749\" >\n\t\t\t[vc_single_image image=&#8221;9400&#8243; img_size=&#8221;full&#8221;]\t\t<\/div>\n\t<\/div>\n<\/div><\/div>[\/vc_column][\/vc_row][vc_row content_width=&#8221;grid&#8221; css=&#8221;.vc_custom_1554885182640{padding-top: 70px !important;padding-bottom: 100px !important;background-color: #f4f4f4 !important;}&#8221;][vc_column]<div class=\"edgtf-elements-holder edgtf-four-columns edgtf-responsive-mode-768\" ><div class=\"edgtf-elements-holder-item \" data-item-class=\"edgtf-elements-holder-custom-411110\" >\n\t\t<div class=\"edgtf-elements-holder-item-inner\">\n\t\t<div class=\"edgtf-elements-holder-item-content edgtf-elements-holder-custom-411110\" >\n\t\t\t\n<div class=\"edgtf-section-title edgtf-section-align-left\" >\n\tTOP\t<\/div><div class=\"edgtf-separator-holder clearfix  edgtf-separator-left\">\n\t<div class=\"edgtf-separator\" style=\"border-color: #ffeb00\"><\/div>\n<\/div>\n[vc_column_text]Has hecho TOP (terminado) la via si llegas a la \u00faltima presa, sin haberte ca\u00eddo en ning\u00fan momento, tocandola con las dos manos y aguantas en ellas un par de segundos.[\/vc_column_text]\t\t<\/div>\n\t<\/div>\n<\/div><div class=\"edgtf-elements-holder-item edgtf-vertical-alignment-top\" data-item-class=\"edgtf-elements-holder-custom-366397\" >\n\t\t<div class=\"edgtf-elements-holder-item-inner\">\n\t\t<div class=\"edgtf-elements-holder-item-content edgtf-elements-holder-custom-366397\" >\n\t\t\t[vc_single_image image=&#8221;9401&#8243; img_size=&#8221;full&#8221;]\t\t<\/div>\n\t<\/div>\n<\/div><div class=\"edgtf-elements-holder-item \" data-item-class=\"edgtf-elements-holder-custom-441454\" >\n\t\t<div class=\"edgtf-elements-holder-item-inner\">\n\t\t<div class=\"edgtf-elements-holder-item-content edgtf-elements-holder-custom-441454\" >\n\t\t\t\n<div class=\"edgtf-section-title edgtf-section-align-left\" >\n\tRenovaci\u00f3n de v\u00edas\t<\/div><div class=\"edgtf-separator-holder clearfix  edgtf-separator-left\">\n\t<div class=\"edgtf-separator\" style=\"border-color: #ffeb00\"><\/div>\n<\/div>\n[vc_column_text]Cambiamos v\u00edas cada semana para que nunca puedas aburrirte y siempre tengas nuevos retos. Normalmente renovamos un sector completo los lunes y otro medio sector los jueves, en total entre 20 y 25 bloques nuevos a la semana.[\/vc_column_text]\t\t<\/div>\n\t<\/div>\n<\/div><div class=\"edgtf-elements-holder-item \" data-item-class=\"edgtf-elements-holder-custom-713770\" >\n\t\t<div class=\"edgtf-elements-holder-item-inner\">\n\t\t<div class=\"edgtf-elements-holder-item-content edgtf-elements-holder-custom-713770\" >\n\t\t\t[vc_single_image image=&#8221;9402&#8243; img_size=&#8221;full&#8221;]\t\t<\/div>\n\t<\/div>\n<\/div><\/div>[\/vc_column][\/vc_row]<\/p>\n","protected":false},"excerpt":{"rendered":"<p>[vc_row content_width=&#8221;grid&#8221; angled_shape=&#8221;yes&#8221; css=&#8221;.vc_custom_1560262957851{padding-top: 100px !important;padding-bottom: 100px !important;}&#8221;][vc_column][\/vc_column][\/vc_row][vc_row content_width=&#8221;grid&#8221; css=&#8221;.vc_custom_1575455707319{padding-top: 150px !important;background-color: #f4f4f4 !important;}&#8221; el_id=&#8221;funciona&#8221;][vc_column][\/vc_column][\/vc_row][vc_row content_width=&#8221;grid&#8221; css=&#8221;.vc_custom_1554885182640{padding-top: 70px !important;padding-bottom: 100px !important;background-color: #f4f4f4 !important;}&#8221;][vc_column][\/vc_column][\/vc_row]<\/p>\n","protected":false},"author":2,"featured_media":0,"parent":0,"menu_order":0,"comment_status":"closed","ping_status":"closed","template":"full-width.php","meta":[],"yoast_head":"<!-- This site is optimized with the Yoast SEO plugin v15.7 - https:\/\/yoast.com\/wordpress\/plugins\/seo\/ -->\n<title>Como funciona el roc\u00f3dromo - BulderPlanet<\/title>\n<meta name=\"robots\" content=\"index, follow, max-snippet:-1, max-image-preview:large, max-video-preview:-1\" \/>\n<link rel=\"canonical\" href=\"https:\/\/bulderplanet.com\/valles\/como-funciona-el-rocodromo\/\" \/>\n<meta property=\"og:locale\" content=\"es_ES\" \/>\n<meta property=\"og:type\" content=\"article\" \/>\n<meta property=\"og:title\" content=\"Como funciona el roc\u00f3dromo - BulderPlanet\" \/>\n<meta property=\"og:description\" content=\"[vc_row content_width=&#8221;grid&#8221; angled_shape=&#8221;yes&#8221; css=&#8221;.vc_custom_1560262957851{padding-top: 100px !important;padding-bottom: 100px !important;}&#8221;][vc_column][\/vc_column][\/vc_row][vc_row content_width=&#8221;grid&#8221; css=&#8221;.vc_custom_1575455707319{padding-top: 150px !important;background-color: #f4f4f4 !important;}&#8221; el_id=&#8221;funciona&#8221;][vc_column][\/vc_column][\/vc_row][vc_row content_width=&#8221;grid&#8221; css=&#8221;.vc_custom_1554885182640{padding-top: 70px !important;padding-bottom: 100px !important;background-color: #f4f4f4 !important;}&#8221;][vc_column][\/vc_column][\/vc_row]\" \/>\n<meta property=\"og:url\" content=\"https:\/\/bulderplanet.com\/valles\/como-funciona-el-rocodromo\/\" \/>\n<meta property=\"og:site_name\" content=\"BulderPlanet\" \/>\n<meta property=\"article:modified_time\" content=\"2022-11-30T10:36:56+00:00\" \/>\n<meta name=\"twitter:card\" content=\"summary_large_image\" \/>\n<meta name=\"twitter:label1\" content=\"Tiempo de lectura\">\n\t<meta name=\"twitter:data1\" content=\"2 minutos\">\n<script type=\"application\/ld+json\" class=\"yoast-schema-graph\">{\"@context\":\"https:\/\/schema.org\",\"@graph\":[{\"@type\":\"WebSite\",\"@id\":\"https:\/\/bulderplanet.com\/valles\/#website\",\"url\":\"https:\/\/bulderplanet.com\/valles\/\",\"name\":\"BulderPlanet\",\"description\":\"Roc\\u00f3dromo Vall\\u00e9s\",\"potentialAction\":[{\"@type\":\"SearchAction\",\"target\":\"https:\/\/bulderplanet.com\/valles\/?s={search_term_string}\",\"query-input\":\"required name=search_term_string\"}],\"inLanguage\":\"es\"},{\"@type\":\"WebPage\",\"@id\":\"https:\/\/bulderplanet.com\/valles\/como-funciona-el-rocodromo\/#webpage\",\"url\":\"https:\/\/bulderplanet.com\/valles\/como-funciona-el-rocodromo\/\",\"name\":\"Como funciona el roc\\u00f3dromo - BulderPlanet\",\"isPartOf\":{\"@id\":\"https:\/\/bulderplanet.com\/valles\/#website\"},\"datePublished\":\"2019-04-08T16:47:53+00:00\",\"dateModified\":\"2022-11-30T10:36:56+00:00\",\"inLanguage\":\"es\",\"potentialAction\":[{\"@type\":\"ReadAction\",\"target\":[\"https:\/\/bulderplanet.com\/valles\/como-funciona-el-rocodromo\/\"]}]}]}<\/script>\n<!-- \/ Yoast SEO plugin. -->","_links":{"self":[{"href":"https:\/\/bulderplanet.com\/valles\/wp-json\/wp\/v2\/pages\/8217"}],"collection":[{"href":"https:\/\/bulderplanet.com\/valles\/wp-json\/wp\/v2\/pages"}],"about":[{"href":"https:\/\/bulderplanet.com\/valles\/wp-json\/wp\/v2\/types\/page"}],"author":[{"embeddable":true,"href":"https:\/\/bulderplanet.com\/valles\/wp-json\/wp\/v2\/users\/2"}],"replies":[{"embeddable":true,"href":"https:\/\/bulderplanet.com\/valles\/wp-json\/wp\/v2\/comments?post=8217"}],"version-history":[{"count":67,"href":"https:\/\/bulderplanet.com\/valles\/wp-json\/wp\/v2\/pages\/8217\/revisions"}],"predecessor-version":[{"id":44646,"href":"https:\/\/bulderplanet.com\/valles\/wp-json\/wp\/v2\/pages\/8217\/revisions\/44646"}],"wp:attachment":[{"href":"https:\/\/bulderplanet.com\/valles\/wp-json\/wp\/v2\/media?parent=8217"}],"curies":[{"name":"wp","href":"https:\/\/api.w.org\/{rel}","templated":true}]}}