{"id":9060,"date":"2019-10-23T16:25:13","date_gmt":"2019-10-23T14:25:13","guid":{"rendered":"https:\/\/bulderplanet.com\/valles\/?page_id=9060"},"modified":"2023-03-09T10:40:25","modified_gmt":"2023-03-09T09:40:25","slug":"kids","status":"publish","type":"page","link":"https:\/\/bulderplanet.com\/valles\/kids\/","title":{"rendered":"Kids"},"content":{"rendered":"<p>[vc_row content_width=&#8221;grid&#8221; angled_shape=&#8221;yes&#8221; css=&#8221;.vc_custom_1553095200070{padding-top: 100px !important;padding-bottom: 100px !important;}&#8221;][vc_column]<div class=\"edgtf-elements-holder edgtf-two-columns edgtf-two-columns-50-50 edgtf-responsive-mode-768\" ><div class=\"edgtf-elements-holder-item \" data-item-class=\"edgtf-elements-holder-custom-948123\" >\n\t\t<div class=\"edgtf-elements-holder-item-inner\">\n\t\t<div class=\"edgtf-elements-holder-item-content edgtf-elements-holder-custom-948123\" >\n\t\t\t[vc_column_text]<strong>Si quieres que tus hijos se inicien en el deporte de la escalada<\/strong>, en un entorno seguro y agradable, y vives en Matar\u00f3, zona norte de Barcelona o comarca del Maresme, <strong>Bulder Planet es tu roc\u00f3dromo de referencia<\/strong>.<\/p>\n<p><strong>Pod\u00e9is probar nuestras actividades<\/strong> \u201cregulares\u201d de formaci\u00f3n en el deporte de la escalada (<a href=\"https:\/\/bulderplanet.com\/valles\/escuela-escalada-extraescolares\/#escuExtra\"><strong><span style=\"color: #6e92b6;\">extra escolares<\/span><\/strong><\/a>, <span style=\"color: #6e92b6;\"><a style=\"color: #6e92b6;\" href=\"https:\/\/bulderplanet.com\/valles\/escuela-escalada-extraescolares\/#escuExtra\"><strong>escuela de escalada<\/strong><\/a><\/span>, <span style=\"color: #6e92b6;\"><a style=\"color: #6e92b6;\" href=\"https:\/\/bulderplanet.com\/valles\/casales\/#casal\"><strong>casales<\/strong><\/a><\/span>, <span style=\"color: #6e92b6;\"><a style=\"color: #6e92b6;\" href=\"https:\/\/bulderplanet.com\/valles\/juego-de-escalada\/#juegos\"><strong>juegos de escalada<\/strong><\/a>,<a href=\"https:\/\/bulderplanet.com\/valles\/actividades-colegios\/#colegios\"><strong><span style=\"color: #6e92b6;\"> actividades para colegios<\/span><\/strong><\/a><\/span>\u00a0y <span style=\"color: #6e92b6;\"><a style=\"color: #6e92b6;\" href=\"https:\/\/bulderplanet.com\/valles\/colonias\/#colonias\"><strong>colonias<\/strong><\/a><\/span>), dirigidas por nuestros t\u00e9cnicos de escalada y monitores expertos, en las que se combinan diversi\u00f3n, valores, compa\u00f1erismo y deporte.<\/p>\n<p>Tambi\u00e9n <strong>pod\u00e9is celebrar aqu\u00ed vuestro <span style=\"color: #6e92b6;\"><a style=\"color: #6e92b6;\" href=\"https:\/\/bulderplanet.com\/valles\/fiestas-y-cumpleanos-kids\/#cumple\">cumplea\u00f1os<\/a><\/span><\/strong> (actividad dirigida por monitores) o venir a escalar por libre con vuestros hijos cuando quer\u00e1is.<\/p>\n<p>Disponemos de una zona infantil, cafeter\u00eda, vestuarios y todo lo necesario para que est\u00e9is c\u00f3modos.<\/p>\n<p><strong>\u00bfQuieres\u00a0regalar cualquiera de nuestras\u00a0actividades de escalada Bulder Planet?<\/strong> vis\u00edtanos o escr\u00edbenos y\u00a0regala una experiencia.<\/p>\n<p><strong>Si tienes alguna duda escr\u00edbenos<span style=\"color: #6e92b6;\">\u00a0<a style=\"color: #6e92b6;\" href=\"mailto:info@bulderplanet.com\">info@bulderplanet.com<\/a><\/span><\/strong>[\/vc_column_text][vc_empty_space height=&#8221;20px&#8221;]\n<div class=\"edgtf-section-title edgtf-section-align-left\" >\n\tNUESTROS SERVICIOS\t<\/div><div class=\"edgtf-separator-holder clearfix  edgtf-separator-left\">\n\t<div class=\"edgtf-separator\" style=\"border-color: #6e92b6\"><\/div>\n<\/div>\n[vc_column_text]<\/p>\n<ul>\n<li><strong>ESCUELA ESCALADA\/EXTRAESCOLARES<\/strong><br \/>\n<a href=\"https:\/\/bulderplanet.com\/valles\/escuela-escalada-extraescolares\/#escuExtra\"><span style=\"color: #6e92b6;\">Escuela escalada<\/span><\/a><br \/>\n<a href=\"https:\/\/bulderplanet.com\/valles\/escuela-escalada-extraescolares\/#escuExtra\"><span style=\"color: #6e92b6;\">Extraescolares<\/span><\/a><\/li>\n<li><strong>CASALES<\/strong><br \/>\n<a href=\"https:\/\/bulderplanet.com\/valles\/casales\/#casal\"><span style=\"color: #6e92b6;\">Casal Nadal<\/span><\/a><\/li>\n<li><strong>COLEGIOS<\/strong><br \/>\n<a href=\"https:\/\/bulderplanet.com\/valles\/actividades-colegios\/#colegios\"><span style=\"color: #6e92b6;\">Actividades para colegios<\/span><\/a><\/li>\n<li><strong>FIESTAS<\/strong><br \/>\n<a href=\"https:\/\/bulderplanet.com\/valles\/fiestas-y-cumpleanos-kids\/#cumple\"><span style=\"color: #6e92b6;\">Fiestas y cumplea\u00f1os<\/span><\/a><\/li>\n<\/ul>\n<p>[\/vc_column_text]\t\t<\/div>\n\t<\/div>\n<\/div><div class=\"edgtf-elements-holder-item edgtf-vertical-alignment-top\" data-item-class=\"edgtf-elements-holder-custom-410376\" >\n\t\t<div class=\"edgtf-elements-holder-item-inner\">\n\t\t<div class=\"edgtf-elements-holder-item-content edgtf-elements-holder-custom-410376\" >\n\t\t\t[vc_single_image image=&#8221;44671&#8243; img_size=&#8221;full&#8221;]\t\t<\/div>\n\t<\/div>\n<\/div><\/div>[\/vc_column][\/vc_row]<\/p>\n","protected":false},"excerpt":{"rendered":"<p>[vc_row content_width=&#8221;grid&#8221; angled_shape=&#8221;yes&#8221; css=&#8221;.vc_custom_1553095200070{padding-top: 100px !important;padding-bottom: 100px !important;}&#8221;][vc_column][\/vc_column][\/vc_row]<\/p>\n","protected":false},"author":2,"featured_media":0,"parent":0,"menu_order":0,"comment_status":"closed","ping_status":"closed","template":"full-width.php","meta":[],"yoast_head":"<!-- This site is optimized with the Yoast SEO plugin v15.7 - https:\/\/yoast.com\/wordpress\/plugins\/seo\/ -->\n<title>Kids - BulderPlanet<\/title>\n<meta name=\"robots\" content=\"index, follow, max-snippet:-1, max-image-preview:large, max-video-preview:-1\" \/>\n<link rel=\"canonical\" href=\"https:\/\/bulderplanet.com\/valles\/kids\/\" \/>\n<meta property=\"og:locale\" content=\"es_ES\" \/>\n<meta property=\"og:type\" content=\"article\" \/>\n<meta property=\"og:title\" content=\"Kids - BulderPlanet\" \/>\n<meta property=\"og:description\" content=\"[vc_row content_width=&#8221;grid&#8221; angled_shape=&#8221;yes&#8221; css=&#8221;.vc_custom_1553095200070{padding-top: 100px !important;padding-bottom: 100px !important;}&#8221;][vc_column][\/vc_column][\/vc_row]\" \/>\n<meta property=\"og:url\" content=\"https:\/\/bulderplanet.com\/valles\/kids\/\" \/>\n<meta property=\"og:site_name\" content=\"BulderPlanet\" \/>\n<meta property=\"article:modified_time\" content=\"2023-03-09T09:40:25+00:00\" \/>\n<meta name=\"twitter:card\" content=\"summary_large_image\" \/>\n<meta name=\"twitter:label1\" content=\"Tiempo de lectura\">\n\t<meta name=\"twitter:data1\" content=\"1 minuto\">\n<script type=\"application\/ld+json\" class=\"yoast-schema-graph\">{\"@context\":\"https:\/\/schema.org\",\"@graph\":[{\"@type\":\"WebSite\",\"@id\":\"https:\/\/bulderplanet.com\/valles\/#website\",\"url\":\"https:\/\/bulderplanet.com\/valles\/\",\"name\":\"BulderPlanet\",\"description\":\"Roc\\u00f3dromo Vall\\u00e9s\",\"potentialAction\":[{\"@type\":\"SearchAction\",\"target\":\"https:\/\/bulderplanet.com\/valles\/?s={search_term_string}\",\"query-input\":\"required name=search_term_string\"}],\"inLanguage\":\"es\"},{\"@type\":\"WebPage\",\"@id\":\"https:\/\/bulderplanet.com\/valles\/kids\/#webpage\",\"url\":\"https:\/\/bulderplanet.com\/valles\/kids\/\",\"name\":\"Kids - BulderPlanet\",\"isPartOf\":{\"@id\":\"https:\/\/bulderplanet.com\/valles\/#website\"},\"datePublished\":\"2019-10-23T14:25:13+00:00\",\"dateModified\":\"2023-03-09T09:40:25+00:00\",\"inLanguage\":\"es\",\"potentialAction\":[{\"@type\":\"ReadAction\",\"target\":[\"https:\/\/bulderplanet.com\/valles\/kids\/\"]}]}]}<\/script>\n<!-- \/ Yoast SEO plugin. -->","_links":{"self":[{"href":"https:\/\/bulderplanet.com\/valles\/wp-json\/wp\/v2\/pages\/9060"}],"collection":[{"href":"https:\/\/bulderplanet.com\/valles\/wp-json\/wp\/v2\/pages"}],"about":[{"href":"https:\/\/bulderplanet.com\/valles\/wp-json\/wp\/v2\/types\/page"}],"author":[{"embeddable":true,"href":"https:\/\/bulderplanet.com\/valles\/wp-json\/wp\/v2\/users\/2"}],"replies":[{"embeddable":true,"href":"https:\/\/bulderplanet.com\/valles\/wp-json\/wp\/v2\/comments?post=9060"}],"version-history":[{"count":29,"href":"https:\/\/bulderplanet.com\/valles\/wp-json\/wp\/v2\/pages\/9060\/revisions"}],"predecessor-version":[{"id":44672,"href":"https:\/\/bulderplanet.com\/valles\/wp-json\/wp\/v2\/pages\/9060\/revisions\/44672"}],"wp:attachment":[{"href":"https:\/\/bulderplanet.com\/valles\/wp-json\/wp\/v2\/media?parent=9060"}],"curies":[{"name":"wp","href":"https:\/\/api.w.org\/{rel}","templated":true}]}}