{"id":9358,"date":"2019-11-07T16:57:51","date_gmt":"2019-11-07T15:57:51","guid":{"rendered":"https:\/\/bulderplanet.com\/valles\/?page_id=9358"},"modified":"2022-11-08T12:49:33","modified_gmt":"2022-11-08T11:49:33","slug":"actividades-colegios","status":"publish","type":"page","link":"https:\/\/bulderplanet.com\/valles\/actividades-colegios\/","title":{"rendered":"Actividades para colegios"},"content":{"rendered":"<p>[vc_row content_width=&#8221;grid&#8221; angled_shape=&#8221;yes&#8221; css=&#8221;.vc_custom_1560250519244{padding-top: 100px !important;padding-bottom: 100px !important;}&#8221;][vc_column]<div class=\"edgtf-elements-holder edgtf-two-columns edgtf-two-columns-50-50 edgtf-responsive-mode-768\" ><div class=\"edgtf-elements-holder-item \" data-item-class=\"edgtf-elements-holder-custom-196707\" >\n\t\t<div class=\"edgtf-elements-holder-item-inner\">\n\t\t<div class=\"edgtf-elements-holder-item-content edgtf-elements-holder-custom-196707\" >\n\t\t\t[vc_column_text]<\/p>\n<div>Ofremos la posibilidad de realizar en nuestras instalaciones nuetsros\u00a0<b>m\u00f3dulos did\u00e1cticos para el aprendizaje de la escalada.<\/b><\/div>\n<div><\/div>\n<div>En los ultimos a\u00f1os nos han visitado unos\u00a0<u>8.000 alumnos de diferentes centros de Matar\u00f3 y la comarca del Maresme.<\/u><\/div>\n<div><\/div>\n<div>\n<div>\n<div>Toda la actividad esta supervisada y dirigida por t\u00e9cnicos expertos en escalada y experiencia en la impartici\u00f3n de modulos formativos de\u00a0escalada.<\/div>\n<div><\/div>\n<div>Contamos con todos los seguros\u00a0requeridos por la actividad, la instalaci\u00f3n est\u00e1\u00a0homologada y tenemos un convenio con la federaci\u00f3n catalana de escalada que nos provee de metodolog\u00edas de ense\u00f1anza y entrenamiento del deporte de la escalada<\/div>\n<div><\/div>\n<div>Los m\u00f3dulos ser\u00edan de:<\/div>\n<\/div>\n<div>\n<ul>\n<li>B\u00e1sico; 1 sesi\u00f3n.<\/li>\n<li>Medio; 3 sesiones.<\/li>\n<li>Completo; 5 sesiones.<\/li>\n<\/ul>\n<\/div>\n<\/div>\n<div><span style=\"font-size: large;\">\u00a0Est\u00e1n diferenciados e<\/span>funci\u00f3n de la\u00a0<b>edad de los alumnos y el enfoque:\u00a0<\/b><\/div>\n<div>\n<ul>\n<li style=\"list-style-type: none;\">\n<ul>\n<li>infantil (3-5 a\u00f1os), juego motor<\/li>\n<li>primaria (6-11 a\u00f1os), iniciaci\u00f3n deportiva.<\/li>\n<li>o secundaria (12 + a\u00f1os), deporte educativo.<\/li>\n<\/ul>\n<\/li>\n<\/ul>\n<\/div>\n<div>Tambi\u00e9n se puede hacer una <strong>actividad de caracter m\u00e1s ludico<\/strong> de primer contacto con la escalada, por ejemplo, como actividad fin de curso, con un coste de 5 euros por alumno. esta actividad estar\u00f1a supervidada por los profesores e introducida por el personal de Bulder Planet.<\/div>\n<p>[\/vc_column_text]\t\t<\/div>\n\t<\/div>\n<\/div><div class=\"edgtf-elements-holder-item \" data-item-class=\"edgtf-elements-holder-custom-480129\" >\n\t\t<div class=\"edgtf-elements-holder-item-inner\">\n\t\t<div class=\"edgtf-elements-holder-item-content edgtf-elements-holder-custom-480129\" >\n\t\t\t[vc_single_image image=&#8221;9038&#8243; img_size=&#8221;full&#8221;]\t\t<\/div>\n\t<\/div>\n<\/div><\/div>[\/vc_column][\/vc_row][vc_row content_width=&#8221;grid&#8221; css=&#8221;.vc_custom_1573142090879{padding-top: 150px !important;padding-bottom: 100px !important;background-color: #f4f4f4 !important;}&#8221; el_id=&#8221;colegios&#8221;][vc_column]<div class=\"edgtf-elements-holder edgtf-two-columns edgtf-two-columns-50-50 edgtf-responsive-mode-768\" ><div class=\"edgtf-elements-holder-item \" data-item-class=\"edgtf-elements-holder-custom-293581\" >\n\t\t<div class=\"edgtf-elements-holder-item-inner\">\n\t\t<div class=\"edgtf-elements-holder-item-content edgtf-elements-holder-custom-293581\" >\n\t\t\t\n<div class=\"edgtf-section-title edgtf-section-align-left\" >\n\tcolegios\t<\/div><div class=\"edgtf-separator-holder clearfix  edgtf-separator-left\">\n\t<div class=\"edgtf-separator\" style=\"border-color: #ffeb00\"><\/div>\n<\/div>\n[vc_column_text]<strong>FECHAS<\/strong><br \/>\nA concertar<br \/>\n<strong>HORARIOS<\/strong><br \/>\nA conertar<br \/>\n<strong>PRECIOS<\/strong><br \/>\n1 sesi\u00f3n 8\u20ac<br \/>\n3 sesiones 21\u20ac<br \/>\n5 sesiones 30\u20ac[\/vc_column_text][vc_empty_space height=&#8221;20px&#8221;]<a href=\"https:\/\/bulderplanet.com\/valles\/contacto\/\" target=\"_self\" style=\"background-color: #ffeb00\" class=\"edgtf-btn edgtf-btn-large edgtf-btn-solid edgtf-btn-custom-hover-bg edgtf-btn-custom-hover-color\" data-hover-bg-color=\"#6e92b6\" data-hover-color=\"#ffffff\" >\n\t\t\t<span class=\"edgtf-btn-text\">CONT\u00c1CTANOS<\/span>\n\t    <\/a>\t\t<\/div>\n\t<\/div>\n<\/div><div class=\"edgtf-elements-holder-item \" data-item-class=\"edgtf-elements-holder-custom-259324\" >\n\t\t<div class=\"edgtf-elements-holder-item-inner\">\n\t\t<div class=\"edgtf-elements-holder-item-content edgtf-elements-holder-custom-259324\" >\n\t\t\t<div class=\"edgtf-image-gallery\">\n\t<div class=\"edgtf-image-gallery-grid edgtf-gallery-columns-2 edgtf-gallery-no-space edgtf-gallery-prettyphoto clearfix\" >\n\t\t\t\t\t<div class=\"edgtf-gallery-image\">\n\t\t\t\t\t\t\t\t\t<a href=\"https:\/\/bulderplanet.com\/valles\/wp-content\/uploads\/2019\/10\/cum5.png\" data-rel=\"prettyPhoto[single_pretty_photo]\" title=\"cum5\">\n\t\t\t\t\t\t\t\t\t\t\t\t\t\t\t<img width=\"300\" height=\"203\" src=\"https:\/\/bulderplanet.com\/valles\/wp-content\/uploads\/2019\/10\/cum5-300x203.png\" class=\"attachment-medium size-medium\" alt=\"\" loading=\"lazy\" srcset=\"https:\/\/bulderplanet.com\/valles\/wp-content\/uploads\/2019\/10\/cum5-300x203.png 300w, https:\/\/bulderplanet.com\/valles\/wp-content\/uploads\/2019\/10\/cum5.png 704w\" sizes=\"(max-width: 300px) 100vw, 300px\" \/>\t\t\t\t\t                                           <span class=\"edgtf-pp-icon icon_plus\"><\/span>\n                    \t\t\t\t\t\t\t\t\t\t\t<\/a>\n\t\t\t\t\t\t\t\t<\/div>\n\t\t\t\t\t<div class=\"edgtf-gallery-image\">\n\t\t\t\t\t\t\t\t\t<a href=\"https:\/\/bulderplanet.com\/valles\/wp-content\/uploads\/2019\/10\/casales1.png\" data-rel=\"prettyPhoto[single_pretty_photo]\" title=\"casales1\">\n\t\t\t\t\t\t\t\t\t\t\t\t\t\t\t<img width=\"300\" height=\"203\" src=\"https:\/\/bulderplanet.com\/valles\/wp-content\/uploads\/2019\/10\/casales1-300x203.png\" class=\"attachment-medium size-medium\" alt=\"\" loading=\"lazy\" srcset=\"https:\/\/bulderplanet.com\/valles\/wp-content\/uploads\/2019\/10\/casales1-300x203.png 300w, https:\/\/bulderplanet.com\/valles\/wp-content\/uploads\/2019\/10\/casales1.png 704w\" sizes=\"(max-width: 300px) 100vw, 300px\" \/>\t\t\t\t\t                                           <span class=\"edgtf-pp-icon icon_plus\"><\/span>\n                    \t\t\t\t\t\t\t\t\t\t\t<\/a>\n\t\t\t\t\t\t\t\t<\/div>\n\t\t\t\t\t<div class=\"edgtf-gallery-image\">\n\t\t\t\t\t\t\t\t\t<a href=\"https:\/\/bulderplanet.com\/valles\/wp-content\/uploads\/2019\/10\/casales2.png\" data-rel=\"prettyPhoto[single_pretty_photo]\" title=\"casales2\">\n\t\t\t\t\t\t\t\t\t\t\t\t\t\t\t<img width=\"300\" height=\"203\" src=\"https:\/\/bulderplanet.com\/valles\/wp-content\/uploads\/2019\/10\/casales2-300x203.png\" class=\"attachment-medium size-medium\" alt=\"\" loading=\"lazy\" srcset=\"https:\/\/bulderplanet.com\/valles\/wp-content\/uploads\/2019\/10\/casales2-300x203.png 300w, https:\/\/bulderplanet.com\/valles\/wp-content\/uploads\/2019\/10\/casales2.png 704w\" sizes=\"(max-width: 300px) 100vw, 300px\" \/>\t\t\t\t\t                                           <span class=\"edgtf-pp-icon icon_plus\"><\/span>\n                    \t\t\t\t\t\t\t\t\t\t\t<\/a>\n\t\t\t\t\t\t\t\t<\/div>\n\t\t\t\t\t<div class=\"edgtf-gallery-image\">\n\t\t\t\t\t\t\t\t\t<a href=\"https:\/\/bulderplanet.com\/valles\/wp-content\/uploads\/2019\/10\/cum3.png\" data-rel=\"prettyPhoto[single_pretty_photo]\" title=\"cum3\">\n\t\t\t\t\t\t\t\t\t\t\t\t\t\t\t<img width=\"300\" height=\"203\" src=\"https:\/\/bulderplanet.com\/valles\/wp-content\/uploads\/2019\/10\/cum3-300x203.png\" class=\"attachment-medium size-medium\" alt=\"\" loading=\"lazy\" srcset=\"https:\/\/bulderplanet.com\/valles\/wp-content\/uploads\/2019\/10\/cum3-300x203.png 300w, https:\/\/bulderplanet.com\/valles\/wp-content\/uploads\/2019\/10\/cum3.png 704w\" sizes=\"(max-width: 300px) 100vw, 300px\" \/>\t\t\t\t\t                                           <span class=\"edgtf-pp-icon icon_plus\"><\/span>\n                    \t\t\t\t\t\t\t\t\t\t\t<\/a>\n\t\t\t\t\t\t\t\t<\/div>\n\t\t\t<\/div>\n<\/div>\t\t<\/div>\n\t<\/div>\n<\/div><\/div>[\/vc_column][\/vc_row]<\/p>\n","protected":false},"excerpt":{"rendered":"<p>[vc_row content_width=&#8221;grid&#8221; angled_shape=&#8221;yes&#8221; css=&#8221;.vc_custom_1560250519244{padding-top: 100px !important;padding-bottom: 100px !important;}&#8221;][vc_column][\/vc_column][\/vc_row][vc_row content_width=&#8221;grid&#8221; css=&#8221;.vc_custom_1573142090879{padding-top: 150px !important;padding-bottom: 100px !important;background-color: #f4f4f4 !important;}&#8221; el_id=&#8221;colegios&#8221;][vc_column][\/vc_column][\/vc_row]<\/p>\n","protected":false},"author":2,"featured_media":0,"parent":0,"menu_order":0,"comment_status":"closed","ping_status":"closed","template":"full-width.php","meta":[],"yoast_head":"<!-- This site is optimized with the Yoast SEO plugin v15.7 - https:\/\/yoast.com\/wordpress\/plugins\/seo\/ -->\n<title>Actividades para colegios - BulderPlanet<\/title>\n<meta name=\"robots\" content=\"index, follow, max-snippet:-1, max-image-preview:large, max-video-preview:-1\" \/>\n<link rel=\"canonical\" href=\"https:\/\/bulderplanet.com\/valles\/actividades-colegios\/\" \/>\n<meta property=\"og:locale\" content=\"es_ES\" \/>\n<meta property=\"og:type\" content=\"article\" \/>\n<meta property=\"og:title\" content=\"Actividades para colegios - BulderPlanet\" \/>\n<meta property=\"og:description\" content=\"[vc_row content_width=&#8221;grid&#8221; angled_shape=&#8221;yes&#8221; css=&#8221;.vc_custom_1560250519244{padding-top: 100px !important;padding-bottom: 100px !important;}&#8221;][vc_column][\/vc_column][\/vc_row][vc_row content_width=&#8221;grid&#8221; css=&#8221;.vc_custom_1573142090879{padding-top: 150px !important;padding-bottom: 100px !important;background-color: #f4f4f4 !important;}&#8221; el_id=&#8221;colegios&#8221;][vc_column][\/vc_column][\/vc_row]\" \/>\n<meta property=\"og:url\" content=\"https:\/\/bulderplanet.com\/valles\/actividades-colegios\/\" \/>\n<meta property=\"og:site_name\" content=\"BulderPlanet\" \/>\n<meta property=\"article:modified_time\" content=\"2022-11-08T11:49:33+00:00\" \/>\n<meta name=\"twitter:card\" content=\"summary_large_image\" \/>\n<meta name=\"twitter:label1\" content=\"Tiempo de lectura\">\n\t<meta name=\"twitter:data1\" content=\"2 minutos\">\n<script type=\"application\/ld+json\" class=\"yoast-schema-graph\">{\"@context\":\"https:\/\/schema.org\",\"@graph\":[{\"@type\":\"WebSite\",\"@id\":\"https:\/\/bulderplanet.com\/valles\/#website\",\"url\":\"https:\/\/bulderplanet.com\/valles\/\",\"name\":\"BulderPlanet\",\"description\":\"Roc\\u00f3dromo Vall\\u00e9s\",\"potentialAction\":[{\"@type\":\"SearchAction\",\"target\":\"https:\/\/bulderplanet.com\/valles\/?s={search_term_string}\",\"query-input\":\"required name=search_term_string\"}],\"inLanguage\":\"es\"},{\"@type\":\"WebPage\",\"@id\":\"https:\/\/bulderplanet.com\/valles\/actividades-colegios\/#webpage\",\"url\":\"https:\/\/bulderplanet.com\/valles\/actividades-colegios\/\",\"name\":\"Actividades para colegios - BulderPlanet\",\"isPartOf\":{\"@id\":\"https:\/\/bulderplanet.com\/valles\/#website\"},\"datePublished\":\"2019-11-07T15:57:51+00:00\",\"dateModified\":\"2022-11-08T11:49:33+00:00\",\"inLanguage\":\"es\",\"potentialAction\":[{\"@type\":\"ReadAction\",\"target\":[\"https:\/\/bulderplanet.com\/valles\/actividades-colegios\/\"]}]}]}<\/script>\n<!-- \/ Yoast SEO plugin. -->","_links":{"self":[{"href":"https:\/\/bulderplanet.com\/valles\/wp-json\/wp\/v2\/pages\/9358"}],"collection":[{"href":"https:\/\/bulderplanet.com\/valles\/wp-json\/wp\/v2\/pages"}],"about":[{"href":"https:\/\/bulderplanet.com\/valles\/wp-json\/wp\/v2\/types\/page"}],"author":[{"embeddable":true,"href":"https:\/\/bulderplanet.com\/valles\/wp-json\/wp\/v2\/users\/2"}],"replies":[{"embeddable":true,"href":"https:\/\/bulderplanet.com\/valles\/wp-json\/wp\/v2\/comments?post=9358"}],"version-history":[{"count":6,"href":"https:\/\/bulderplanet.com\/valles\/wp-json\/wp\/v2\/pages\/9358\/revisions"}],"predecessor-version":[{"id":9506,"href":"https:\/\/bulderplanet.com\/valles\/wp-json\/wp\/v2\/pages\/9358\/revisions\/9506"}],"wp:attachment":[{"href":"https:\/\/bulderplanet.com\/valles\/wp-json\/wp\/v2\/media?parent=9358"}],"curies":[{"name":"wp","href":"https:\/\/api.w.org\/{rel}","templated":true}]}}